{"id":45,"date":"2016-04-04T10:42:22","date_gmt":"2016-04-04T10:42:22","guid":{"rendered":"http:\/\/kienecker-coaching.de\/wordpress\/?page_id=45"},"modified":"2016-08-23T16:26:41","modified_gmt":"2016-08-23T16:26:41","slug":"kontakt","status":"publish","type":"page","link":"https:\/\/kienecker-coaching.de\/wordpress\/kontakt\/","title":{"rendered":"Kontakt"},"content":{"rendered":"<div id=\"pl-45\"  class=\"panel-layout\" ><div id=\"pg-45-0\"  class=\"panel-grid panel-no-style\" ><div id=\"pgc-45-0-0\"  class=\"panel-grid-cell\" ><div id=\"panel-45-0-0-0\" class=\"so-panel widget widget_sow-image panel-first-child\" data-index=\"0\" ><div\n\t\t\t\n\t\t\tclass=\"so-widget-sow-image so-widget-sow-image-default-d6014b76747a-45\"\n\t\t\t\n\t\t>\n\n<div class=\"sow-image-container\">\n\t\t<img src=\"https:\/\/kienecker-coaching.de\/wordpress\/wp-content\/uploads\/2016\/04\/Kontakt_resized.jpg\" width=\"445\" height=\"250\" srcset=\"https:\/\/kienecker-coaching.de\/wordpress\/wp-content\/uploads\/2016\/04\/Kontakt_resized.jpg 445w, https:\/\/kienecker-coaching.de\/wordpress\/wp-content\/uploads\/2016\/04\/Kontakt_resized-300x169.jpg 300w\" sizes=\"(max-width: 445px) 100vw, 445px\" alt=\"\" loading=\"lazy\" \t\tclass=\"so-widget-image\"\/>\n\t<\/div>\n\n<\/div><\/div><div id=\"panel-45-0-0-1\" class=\"so-panel widget widget_sow-editor\" data-index=\"1\" ><div\n\t\t\t\n\t\t\tclass=\"so-widget-sow-editor so-widget-sow-editor-base\"\n\t\t\t\n\t\t>\n<div class=\"siteorigin-widget-tinymce textwidget\">\n\t<p><b>Kienecker Coaching<\/b><br \/> Silke Kienecker<br \/> Grabenstr. 9 B<br \/> 20357 Hamburg<br \/> mobil 0151 25 22 38 83<br \/>e-mail <a class=\"linkblack\" href=\"mailto:sk@kienecker-coaching.de\">sk@kienecker-coaching.de<\/a><\/p>\n<\/div>\n<\/div><\/div><div id=\"panel-45-0-0-2\" class=\"so-panel widget widget_sow-editor panel-last-child\" data-index=\"2\" ><div\n\t\t\t\n\t\t\tclass=\"so-widget-sow-editor so-widget-sow-editor-base\"\n\t\t\t\n\t\t>\n<div class=\"siteorigin-widget-tinymce textwidget\">\n\t<p><b>Besucheradresse<\/b><br \/>Lerchenstr. 28 A<br \/> 22767 Hamburg<\/p>\n<p>Die Coachingtermine finden in der Lerchenstra\u00dfe 28 A, im 3.OG statt. Eingang durch die Hausnummer 28. Parkpl\u00e4tze sind knapp in der Gegend, aber der Metrobus 3 h\u00e4lt fast vor der Haust\u00fcr (Haltestelle Neuer Pferdemarkt). Von der U-3 Feldstra\u00dfe sind es nur 5 Minuten zu Fu\u00df, von der S-Bahn Sternschanze circa 10 Minuten.<\/p>\n<\/div>\n<\/div><\/div><\/div><div id=\"pgc-45-0-1\"  class=\"panel-grid-cell\" ><div id=\"panel-45-0-1-0\" class=\"so-panel widget widget_sow-google-map panel-first-child panel-last-child\" data-index=\"3\" ><div\n\t\t\t\n\t\t\tclass=\"so-widget-sow-google-map so-widget-sow-google-map-default-05ebfd8f3122-45\"\n\t\t\t\n\t\t>\n<div class=\"sow-google-map-canvas\"\n\tstyle=\"\"\n\tid=\"map-canvas-dc1ca5d94efc84cf3a79c1c46c504bc3\"\n\tdata-options=\"{&quot;address&quot;:&quot;Lerchenstr. 28, Hamburg, Germany&quot;,&quot;zoom&quot;:12,&quot;mobileZoom&quot;:12,&quot;gestureHandling&quot;:&quot;greedy&quot;,&quot;disableUi&quot;:false,&quot;keepCentered&quot;:false,&quot;markerIcon&quot;:&quot;&quot;,&quot;markersDraggable&quot;:false,&quot;markerAtCenter&quot;:true,&quot;markerInfoDisplay&quot;:&quot;click&quot;,&quot;markerInfoMultiple&quot;:true,&quot;markerPositions&quot;:[{&quot;place&quot;:&quot;Kienecker Coaching&quot;,&quot;info&quot;:&quot;&quot;,&quot;infoSelectedEditor&quot;:&quot;tinymce&quot;,&quot;infoMaxWidth&quot;:&quot;&quot;,&quot;customMarkerIcon&quot;:&quot;&quot;,&quot;customMarkerIconSize&quot;:&quot;&quot;}],&quot;mapName&quot;:&quot;&quot;,&quot;mapStyles&quot;:&quot;&quot;,&quot;directions&quot;:&quot;&quot;,&quot;apiKey&quot;:&quot;&quot;,&quot;breakpoint&quot;:&quot;780&quot;}\"\n\tdata-fallback-image=\"{&quot;img&quot;:&quot;&quot;}\"><\/div>\n<\/div><\/div><\/div><\/div><\/div>","protected":false},"excerpt":{"rendered":"<p>Kienecker Coaching Silke Kienecker Grabenstr. 9 B 20357 Hamburg mobil 0151 25 22 38 83e-mail sk@kienecker-coaching.de BesucheradresseLerchenstr. 28 A 22767 HamburgDie Coachingtermine finden in der Lerchenstra\u00dfe 28 A, im 3.OG statt. Eingang durch die Hausnummer 28. Parkpl\u00e4tze sind knapp in der Gegend, aber der Metrobus 3 h\u00e4lt fast vor der Haust\u00fcr (Haltestelle Neuer Pferdemarkt). Von [&hellip;]<\/p>\n","protected":false},"author":1,"featured_media":0,"parent":0,"menu_order":5,"comment_status":"closed","ping_status":"closed","template":"","meta":[],"_links":{"self":[{"href":"https:\/\/kienecker-coaching.de\/wordpress\/wp-json\/wp\/v2\/pages\/45"}],"collection":[{"href":"https:\/\/kienecker-coaching.de\/wordpress\/wp-json\/wp\/v2\/pages"}],"about":[{"href":"https:\/\/kienecker-coaching.de\/wordpress\/wp-json\/wp\/v2\/types\/page"}],"author":[{"embeddable":true,"href":"https:\/\/kienecker-coaching.de\/wordpress\/wp-json\/wp\/v2\/users\/1"}],"replies":[{"embeddable":true,"href":"https:\/\/kienecker-coaching.de\/wordpress\/wp-json\/wp\/v2\/comments?post=45"}],"version-history":[{"count":7,"href":"https:\/\/kienecker-coaching.de\/wordpress\/wp-json\/wp\/v2\/pages\/45\/revisions"}],"predecessor-version":[{"id":426,"href":"https:\/\/kienecker-coaching.de\/wordpress\/wp-json\/wp\/v2\/pages\/45\/revisions\/426"}],"wp:attachment":[{"href":"https:\/\/kienecker-coaching.de\/wordpress\/wp-json\/wp\/v2\/media?parent=45"}],"curies":[{"name":"wp","href":"https:\/\/api.w.org\/{rel}","templated":true}]}}