{"id":43,"date":"2016-04-04T10:41:39","date_gmt":"2016-04-04T10:41:39","guid":{"rendered":"http:\/\/kienecker-coaching.de\/wordpress\/?page_id=43"},"modified":"2020-08-14T06:30:01","modified_gmt":"2020-08-14T06:30:01","slug":"kundenstimmen","status":"publish","type":"page","link":"https:\/\/kienecker-coaching.de\/wordpress\/ueber-uns\/kundenstimmen\/","title":{"rendered":"Kundenstimmen"},"content":{"rendered":"<div id=\"pl-43\"  class=\"panel-layout\" ><div id=\"pg-43-0\"  class=\"panel-grid panel-no-style\" ><div id=\"pgc-43-0-0\"  class=\"panel-grid-cell\" ><div id=\"panel-43-0-0-0\" class=\"so-panel widget widget_sow-editor panel-first-child panel-last-child\" data-index=\"0\" ><div\n\t\t\t\n\t\t\tclass=\"so-widget-sow-editor so-widget-sow-editor-base\"\n\t\t\t\n\t\t>\n<div class=\"siteorigin-widget-tinymce textwidget\">\n\t<div class=\"\">Feedback ist uns sehr wichtig. Jedes Einzel-Coaching, jeden Workshop und jedes Team-Coaching lassen wir mit Hilfe unserer Feedback-B\u00f6gen bewerten und arbeiten konsequent an der Verbesserung unserer Angebote.<\/div>\n<div class=\"\">Was unser Coaching-Workshop \u201eBin ich noch im richten Job? -Entdecken, was ich wirklich will!\u201c unseren Kunden gebracht hat, lesen Sie hier:<\/div>\n<\/div>\n<\/div><\/div><\/div><\/div><div id=\"pg-43-1\"  class=\"panel-grid panel-no-style\" ><div id=\"pgc-43-1-0\"  class=\"panel-grid-cell panel-grid-cell-empty\" ><\/div><\/div><div id=\"pg-43-2\"  class=\"panel-grid panel-no-style\" ><div id=\"pgc-43-2-0\"  class=\"panel-grid-cell panel-grid-cell-empty panel-grid-cell-mobile-last\" ><\/div><div id=\"pgc-43-2-1\"  class=\"panel-grid-cell panel-grid-cell-empty\" ><\/div><\/div><div id=\"pg-43-3\"  class=\"panel-grid panel-no-style\" ><div id=\"pgc-43-3-0\"  class=\"panel-grid-cell panel-grid-cell-empty\" ><\/div><\/div><div id=\"pg-43-4\"  class=\"panel-grid panel-no-style\" ><div id=\"pgc-43-4-0\"  class=\"panel-grid-cell panel-grid-cell-empty panel-grid-cell-mobile-last\" ><\/div><div id=\"pgc-43-4-1\"  class=\"panel-grid-cell panel-grid-cell-empty\" ><\/div><\/div><div id=\"pg-43-5\"  class=\"panel-grid panel-no-style\" ><div id=\"pgc-43-5-0\"  class=\"panel-grid-cell\" ><div id=\"panel-43-5-0-0\" class=\"so-panel widget widget_sow-headline panel-first-child panel-last-child\" data-index=\"1\" ><div\n\t\t\t\n\t\t\tclass=\"so-widget-sow-headline so-widget-sow-headline-default-c74e128a0b29-43\"\n\t\t\t\n\t\t><div class=\"sow-headline-container \">\n\t\t\t\t\t\t<div class=\"decoration\">\n\t\t\t\t\t\t<div class=\"decoration-inside\"><\/div>\n\t\t\t\t\t<\/div>\n\t\t\t\t\t<h3 class='sow-sub-headline'>\u201eAls Homestagerin kann ich endlich kreativ sein\u201c<\/h3><\/div><\/div><\/div><\/div><\/div><div id=\"pg-43-6\"  class=\"panel-grid panel-no-style\" ><div id=\"pgc-43-6-0\"  class=\"panel-grid-cell\" ><div id=\"panel-43-6-0-0\" class=\"so-panel widget widget_sow-image panel-first-child\" data-index=\"2\" ><div\n\t\t\t\n\t\t\tclass=\"so-widget-sow-image so-widget-sow-image-default-d6014b76747a-43\"\n\t\t\t\n\t\t>\n\n<div class=\"sow-image-container\">\n\t\t<img src=\"https:\/\/kienecker-coaching.de\/wordpress\/wp-content\/uploads\/2016\/04\/kundenstimmen_3.jpg\" width=\"182\" height=\"153\" sizes=\"(max-width: 182px) 100vw, 182px\" alt=\"\" loading=\"lazy\" \t\tclass=\"so-widget-image\"\/>\n\t<\/div>\n\n<\/div><\/div><div id=\"panel-43-6-0-1\" class=\"so-panel widget widget_sow-editor panel-last-child\" data-index=\"3\" ><div\n\t\t\t\n\t\t\tclass=\"so-widget-sow-editor so-widget-sow-editor-base\"\n\t\t\t\n\t\t>\n<div class=\"siteorigin-widget-tinymce textwidget\">\n\t<p>Diana Gutensohn-Hartmann, Selbst\u00e4ndig<\/p>\n<\/div>\n<\/div><\/div><\/div><div id=\"pgc-43-6-1\"  class=\"panel-grid-cell\" ><div id=\"panel-43-6-1-0\" class=\"so-panel widget widget_sow-editor panel-first-child panel-last-child\" data-index=\"4\" ><div\n\t\t\t\n\t\t\tclass=\"so-widget-sow-editor so-widget-sow-editor-base\"\n\t\t\t\n\t\t>\n<div class=\"siteorigin-widget-tinymce textwidget\">\n\t<p>In meinem Job als Schul-Sozialarbeiterin war ich zwar gut, aber schon l\u00e4nger nicht mehr gl\u00fccklich. Da ich mich aber bei den Gedanken an meine berufliche Zukunft nur im Kreis drehte, besuchte ich den Workshop. Erst dort wurde mir klar, wie sehr ich<br \/>Freude, Leichtigkeit und Kreativit\u00e4t in meinem Job vermisste. Ich hatte vor 15 Jahren mal Architektur studiert, wollte aber in dem Bereich nicht arbeiten. Im Workshop entstand dann die Idee, mit Einrichten und Versch\u00f6nern mein Geld zu verdienen. Seit<br \/>Ende 2014 bin ich nun selbst\u00e4ndig (www.homestaging-no1.de) und berate Menschen und Unternehmen rund ums Thema homestyling. Das ging nat\u00fcrlich nicht von heute auf morgen. Nach dem Workshop habe ich viel recherchiert, mit Maklern gesprochen, eine Fortbildung und einen Existenzgr\u00fcnderkurs absolviert. Das erste halbe Jahr war anstrengend, vor allem, weil ich gleich zwei gro\u00dfe Auftr\u00e4ge bekam. Seitdem ist mein Gesch\u00e4ft gut angelaufen. Ohne den Workshop w\u00e4re ich nicht auf diese Idee gekommen.<\/p>\n<\/div>\n<\/div><\/div><\/div><\/div><\/div>","protected":false},"excerpt":{"rendered":"<p>Feedback ist uns sehr wichtig. Jedes Einzel-Coaching, jeden Workshop und jedes Team-Coaching lassen wir mit Hilfe unserer Feedback-B\u00f6gen bewerten und arbeiten konsequent an der Verbesserung unserer Angebote.Was unser Coaching-Workshop \u201eBin ich noch im richten Job? -Entdecken, was ich wirklich will!\u201c unseren Kunden gebracht hat, lesen Sie hier:<\/p>\n","protected":false},"author":1,"featured_media":0,"parent":25,"menu_order":3,"comment_status":"closed","ping_status":"closed","template":"","meta":[],"_links":{"self":[{"href":"https:\/\/kienecker-coaching.de\/wordpress\/wp-json\/wp\/v2\/pages\/43"}],"collection":[{"href":"https:\/\/kienecker-coaching.de\/wordpress\/wp-json\/wp\/v2\/pages"}],"about":[{"href":"https:\/\/kienecker-coaching.de\/wordpress\/wp-json\/wp\/v2\/types\/page"}],"author":[{"embeddable":true,"href":"https:\/\/kienecker-coaching.de\/wordpress\/wp-json\/wp\/v2\/users\/1"}],"replies":[{"embeddable":true,"href":"https:\/\/kienecker-coaching.de\/wordpress\/wp-json\/wp\/v2\/comments?post=43"}],"version-history":[{"count":22,"href":"https:\/\/kienecker-coaching.de\/wordpress\/wp-json\/wp\/v2\/pages\/43\/revisions"}],"predecessor-version":[{"id":609,"href":"https:\/\/kienecker-coaching.de\/wordpress\/wp-json\/wp\/v2\/pages\/43\/revisions\/609"}],"up":[{"embeddable":true,"href":"https:\/\/kienecker-coaching.de\/wordpress\/wp-json\/wp\/v2\/pages\/25"}],"wp:attachment":[{"href":"https:\/\/kienecker-coaching.de\/wordpress\/wp-json\/wp\/v2\/media?parent=43"}],"curies":[{"name":"wp","href":"https:\/\/api.w.org\/{rel}","templated":true}]}}