{"id":39,"date":"2016-04-04T10:41:03","date_gmt":"2016-04-04T10:41:03","guid":{"rendered":"http:\/\/kienecker-coaching.de\/wordpress\/?page_id=39"},"modified":"2022-02-01T14:17:34","modified_gmt":"2022-02-01T14:17:34","slug":"silke-kienecker","status":"publish","type":"page","link":"https:\/\/kienecker-coaching.de\/wordpress\/ueber-uns\/silke-kienecker\/","title":{"rendered":"Silke Kienecker"},"content":{"rendered":"<div id=\"pl-39\"  class=\"panel-layout\" ><div id=\"pg-39-0\"  class=\"panel-grid panel-no-style\" ><div id=\"pgc-39-0-0\"  class=\"panel-grid-cell\" ><div id=\"panel-39-0-0-0\" class=\"so-panel widget widget_sow-image panel-first-child panel-last-child\" data-index=\"0\" ><div\n\t\t\t\n\t\t\tclass=\"so-widget-sow-image so-widget-sow-image-default-d6014b76747a-39\"\n\t\t\t\n\t\t>\n\n<div class=\"sow-image-container\">\n\t\t<img src=\"https:\/\/kienecker-coaching.de\/wordpress\/wp-content\/uploads\/2016\/04\/Silke-Kienecker_resized.jpg\" width=\"468\" height=\"250\" srcset=\"https:\/\/kienecker-coaching.de\/wordpress\/wp-content\/uploads\/2016\/04\/Silke-Kienecker_resized.jpg 468w, https:\/\/kienecker-coaching.de\/wordpress\/wp-content\/uploads\/2016\/04\/Silke-Kienecker_resized-300x160.jpg 300w\" sizes=\"(max-width: 468px) 100vw, 468px\" alt=\"\" loading=\"lazy\" \t\tclass=\"so-widget-image\"\/>\n\t<\/div>\n\n<\/div><\/div><\/div><div id=\"pgc-39-0-1\"  class=\"panel-grid-cell\" ><div id=\"panel-39-0-1-0\" class=\"so-panel widget widget_sow-editor panel-first-child panel-last-child\" data-index=\"1\" ><div\n\t\t\t\n\t\t\tclass=\"so-widget-sow-editor so-widget-sow-editor-base\"\n\t\t\t\n\t\t>\n<div class=\"siteorigin-widget-tinymce textwidget\">\n\t<p>Silke Kienecker, Kommunikations-Expertin mit \u00fcber 20 Jahren Berufserfahrung in der Medienbranche<\/p>\n<p>Als <strong>Business Coach<\/strong> unterst\u00fctze ich meine Kunden, Klarheit in komplexen Problemsituationen zu bekommen und eine zielf\u00fchrende Haltung zu anstehenden Herausforderungen zu entwickeln. Besonders am Herzen liegt mir dabei die Entwicklung beruflicher Perspektiven und Ziele. Neben Einzelcoaching biete ich bundesweit Workshops zur beruflichen Um- und Neu-Orientierung sowie zur St\u00e4rken- und Kompetenzanalyse an.<\/p>\n<p>Als <strong>Team-Entwicklerin<\/strong> kommt mir neben meiner methodischen Kompetenz auch mein Hintergrund als Ethnologin zu Gute. Unvoreingenommen und offen erforsche ich Organisations- und Kommunikationsstrukturen, analysiere sie und bin bei der Entwicklung individueller L\u00f6sungen behilflich. Als sehr hilfreiches Tool hat sich dabei LuminaSpark erwiesen.<\/p>\n<p><strong>Mein Hintergrund:<\/strong> Ich komme aus der Medienbranche, und habe nach meinem Studium der Ethnologie<br \/> und einem Volontariat knapp 20 Jahre als Redakteurin bei verschiedenen namhaften Hamburger Verlagen<br \/> (u.a. Jalag, Bauer, G+J) gearbeitet. 2010 habe ich mit mit meinem Coaching-Unternehmen selbst\u00e4ndig<br \/> gemacht und bin als Business Coach und Teamentwicklerin t\u00e4tig. Seit September 2013 habe ich zus\u00e4tzlich<br \/> einen Lehrauftrag f\u00fcr \u201eKommunikation und Pr\u00e4sentation\u201c an der HAW in Hamburg.<\/p>\n<\/div>\n<\/div><\/div><\/div><\/div><div id=\"pg-39-1\"  class=\"panel-grid panel-no-style\" ><div id=\"pgc-39-1-0\"  class=\"panel-grid-cell\" ><div id=\"panel-39-1-0-0\" class=\"so-panel widget widget_sow-editor panel-first-child\" data-index=\"2\" ><div\n\t\t\t\n\t\t\tclass=\"so-widget-sow-editor so-widget-sow-editor-base\"\n\t\t\t\n\t\t><h3 class=\"widget-title\">Kompetenzen<\/h3>\n<div class=\"siteorigin-widget-tinymce textwidget\">\n\t<ul>\n<li>20 Jahre Feldkompetenz in der Verlags- und Medienbranche<\/li>\n<li>20 Jahre Gespr\u00e4chsf\u00fchrungs- und Interviewpraxis<\/li>\n<li>15 Jahre Frauen-Beratungs-Kompetenz<\/li>\n<li>15 Jahre Beratungserfahrung zu Themen aus dem beruflichen Umfeld<\/li>\n<li>interkulturelle Kompetenz<\/li>\n<li>Einblicke in unterschiedlichste Branchen und Unternehmenskulturen durch zahlreiche Team-Coachings<br \/> und Berufsreportagen (u.a. Medien, \u00d6ffentlicher Dienst, Hochschulen, Hotels)<\/li>\n<li>6 Jahre Erfahrung in der Konzeptionierung und Durchf\u00fchrung von Workshops und Seminaren<\/li>\n<\/ul>\n<\/div>\n<\/div><\/div><div id=\"panel-39-1-0-1\" class=\"so-panel widget widget_sow-editor\" data-index=\"3\" ><div\n\t\t\t\n\t\t\tclass=\"so-widget-sow-editor so-widget-sow-editor-base\"\n\t\t\t\n\t\t><h3 class=\"widget-title\">Qualifikationen<\/h3>\n<div class=\"siteorigin-widget-tinymce textwidget\">\n\t<ul>\n<li>Lumina Spark Zertifizierung, Lumina Learning Strategic Alliance, Germany<\/li>\n<li>ZRM-Weiterbildung (Z\u00fcrcher Ressourcen-Modell)<\/li>\n<li>Zertifizierte systemische Teamentwicklerin, diecoachingakademie Hamburg<\/li>\n<li>Zertifizierter systemischer Coach, diecoachingakademie Hamburg<\/li>\n<li>Journalistisches Volontariat in der Verlagsgruppe Milchstra\u00dfe, Hamburg<\/li>\n<li>Magister der Ethnologie, Afrikanistik und Sprachwissenschaft, Universit\u00e4t Hamburg<\/li>\n<\/ul>\n<\/div>\n<\/div><\/div><div id=\"panel-39-1-0-2\" class=\"so-panel widget widget_sow-editor\" data-index=\"4\" ><div\n\t\t\t\n\t\t\tclass=\"so-widget-sow-editor so-widget-sow-editor-base\"\n\t\t\t\n\t\t><h3 class=\"widget-title\">Qualit\u00e4tssicherung<\/h3>\n<div class=\"siteorigin-widget-tinymce textwidget\">\n\t<ul>\n<li>durch regelm\u00e4\u00dfige Supervision<\/li>\n<li>durch regelm\u00e4\u00dfige Intervision und fachlichen Austausch mit Kollegen<\/li>\n<li>von Fortbildungen und Fach-Vortr\u00e4gen<\/li>\n<\/ul>\n<\/div>\n<\/div><\/div><div id=\"panel-39-1-0-3\" class=\"so-panel widget widget_sow-editor\" data-index=\"5\" ><div\n\t\t\t\n\t\t\tclass=\"so-widget-sow-editor so-widget-sow-editor-base\"\n\t\t\t\n\t\t><h3 class=\"widget-title\">Beruflicher Hintergrund<\/h3>\n<div class=\"siteorigin-widget-tinymce textwidget\">\n\t<ul>\n<li>20 Jahre Berufserfahrung in der Verlags- und Medienbranche<\/li>\n<li>Journalistischer Schwerpunkt: Berufs-, Psychologie- und Frauenthemen<\/li>\n<li>Studium der Ethnologie und Sprachwissenschaft, Universit\u00e4t Hamburg<\/li>\n<\/ul>\n<\/div>\n<\/div><\/div><div id=\"panel-39-1-0-4\" class=\"so-panel widget widget_sow-editor\" data-index=\"6\" ><div\n\t\t\t\n\t\t\tclass=\"so-widget-sow-editor so-widget-sow-editor-base\"\n\t\t\t\n\t\t><h3 class=\"widget-title\">Auszeichnungen &amp; Engagement<\/h3>\n<div class=\"siteorigin-widget-tinymce textwidget\">\n\t<ul>\n<li>Coach im Coach-Pool des Hamburger Coaching-Programms\u00a0<a href=\"https:\/\/www.kwb.de\/Projekte\/Hamburger-Coachingprogramm-100411\">https:\/\/www.kwb.de\/Projekte\/Hamburger-Coachingprogramm-100411<\/a><\/li>\n<li>Vorbild-Unternehmerin der BMWi-Initiative \u201eFRAUEN unternehmen\u201c<br \/>\nhttps:\/\/www.existenzgruenderinnen.de\/DE\/Vernetzung\/Frauen-unternehmen\/frauen-unternehmen_node.html<\/li>\n<\/ul>\n<\/div>\n<\/div><\/div><div id=\"panel-39-1-0-5\" class=\"so-panel widget widget_sow-editor panel-last-child\" data-index=\"7\" ><div\n\t\t\t\n\t\t\tclass=\"so-widget-sow-editor so-widget-sow-editor-base\"\n\t\t\t\n\t\t><h3 class=\"widget-title\">Netzwerke<\/h3>\n<div class=\"siteorigin-widget-tinymce textwidget\">\n\t<ul>\n<li>Mitglied im Beraternetzwerk von \u201edie coaching akademie\u201c, <a href=\"https:\/\/die-coaching-akademie.de\/beraterinnen-und-berater\/\">www.diecoachingakademie.de<\/a><\/li>\n<li>Mitglied in Netzwerk WBL (Women\u2018s Business Lounge), <a href=\"http:\/\/www.wbl-hamburg.de\">www.wbl-hamburg.de<\/a><\/li>\n<\/ul>\n<\/div>\n<\/div><\/div><\/div><\/div><\/div>","protected":false},"excerpt":{"rendered":"<p>Silke Kienecker, Kommunikations-Expertin mit \u00fcber 20 Jahren Berufserfahrung in der MedienbrancheAls Business Coach unterst\u00fctze ich meine Kunden, Klarheit in komplexen Problemsituationen zu bekommen und eine zielf\u00fchrende Haltung zu anstehenden Herausforderungen zu entwickeln. Besonders am Herzen liegt mir dabei die Entwicklung beruflicher Perspektiven und Ziele. Neben Einzelcoaching biete ich bundesweit Workshops zur beruflichen Um- und Neu-Orientierung [&hellip;]<\/p>\n","protected":false},"author":1,"featured_media":0,"parent":25,"menu_order":1,"comment_status":"closed","ping_status":"closed","template":"","meta":[],"_links":{"self":[{"href":"https:\/\/kienecker-coaching.de\/wordpress\/wp-json\/wp\/v2\/pages\/39"}],"collection":[{"href":"https:\/\/kienecker-coaching.de\/wordpress\/wp-json\/wp\/v2\/pages"}],"about":[{"href":"https:\/\/kienecker-coaching.de\/wordpress\/wp-json\/wp\/v2\/types\/page"}],"author":[{"embeddable":true,"href":"https:\/\/kienecker-coaching.de\/wordpress\/wp-json\/wp\/v2\/users\/1"}],"replies":[{"embeddable":true,"href":"https:\/\/kienecker-coaching.de\/wordpress\/wp-json\/wp\/v2\/comments?post=39"}],"version-history":[{"count":24,"href":"https:\/\/kienecker-coaching.de\/wordpress\/wp-json\/wp\/v2\/pages\/39\/revisions"}],"predecessor-version":[{"id":723,"href":"https:\/\/kienecker-coaching.de\/wordpress\/wp-json\/wp\/v2\/pages\/39\/revisions\/723"}],"up":[{"embeddable":true,"href":"https:\/\/kienecker-coaching.de\/wordpress\/wp-json\/wp\/v2\/pages\/25"}],"wp:attachment":[{"href":"https:\/\/kienecker-coaching.de\/wordpress\/wp-json\/wp\/v2\/media?parent=39"}],"curies":[{"name":"wp","href":"https:\/\/api.w.org\/{rel}","templated":true}]}}