{"id":37,"date":"2016-04-04T10:40:21","date_gmt":"2016-04-04T10:40:21","guid":{"rendered":"http:\/\/kienecker-coaching.de\/wordpress\/?page_id=37"},"modified":"2016-06-24T12:01:21","modified_gmt":"2016-06-24T12:01:21","slug":"coaching-blog","status":"publish","type":"page","link":"https:\/\/kienecker-coaching.de\/wordpress\/publikationen\/coaching-blog\/","title":{"rendered":"Coaching-Blog"},"content":{"rendered":"<div id=\"pl-37\"  class=\"panel-layout\" ><div id=\"pg-37-0\"  class=\"panel-grid panel-no-style\" ><div id=\"pgc-37-0-0\"  class=\"panel-grid-cell\" ><div id=\"panel-37-0-0-0\" class=\"so-panel widget widget_recent-posts-widget-with-thumbnails recent-posts-widget-with-thumbnails panel-first-child panel-last-child\" data-index=\"0\" >\n<div id=\"rpwwt-widget-0-0-0\" class=\"rpwwt-widget\">\r\n\t<ul>\r\n\t\t<li><a href=\"https:\/\/kienecker-coaching.de\/wordpress\/wie-kann-ich-meine-wirkung-verbessern\/\"><img width=\"150\" height=\"150\" src=\"https:\/\/kienecker-coaching.de\/wordpress\/wp-content\/uploads\/2019\/09\/vectorstock_6103150-150x150.jpg\" class=\"attachment-150x150 size-150x150 wp-post-image\" alt=\"\" decoding=\"async\" loading=\"lazy\" \/><span class=\"rpwwt-post-title\">Jobfrage: Wie kann ich meine Wirkung verbessern?<\/span><\/a><div class=\"rpwwt-post-date\">September 4, 2019<\/div><div class=\"rpwwt-post-excerpt\">Bei Team-Meetings und Pr\u00e4sentationen habe ich oft das Gef\u00fchl, dass sich andere viel besser pr\u00e4sentieren als ich. Was kann ich tun, um selbstbewusster r\u00fcberzukommen?<span class=\"rpwwt-post-excerpt-more\"><\/span><\/div><\/li>\r\n\t\t<li><a href=\"https:\/\/kienecker-coaching.de\/wordpress\/jobfrage-wie-komme-ich-als-frau-in-fuehrung\/\"><img width=\"150\" height=\"150\" src=\"https:\/\/kienecker-coaching.de\/wordpress\/wp-content\/uploads\/2016\/08\/Fotolia_15486542_XS_copyright-150x150.jpg\" class=\"attachment-150x150 size-150x150 wp-post-image\" alt=\"\" decoding=\"async\" loading=\"lazy\" \/><span class=\"rpwwt-post-title\">Jobfrage: Wie komme ich als Frau in F\u00fchrung?<\/span><\/a><div class=\"rpwwt-post-date\">August 23, 2016<\/div><div class=\"rpwwt-post-excerpt\">Ich arbeite bei einem mittelst\u00e4ndischen\u00a0Unternehmen und m\u00f6chte\u00a0mehr Verantwortung \u00fcbernehmen.\u00a0Aber wenn es darum geht,\u00a0die Abteilungsleitung zu besetzen,\u00a0werden externe Manager angeworben. Wie kann\u00a0ich meine Gesch\u00e4ftsf\u00fchrung \u00fcberzeugen,\u00a0Frauen aus dem Unternehmen\u00a0zu f\u00f6rdern?<span class=\"rpwwt-post-excerpt-more\"><\/span><\/div><\/li>\r\n\t\t<li><a href=\"https:\/\/kienecker-coaching.de\/wordpress\/wie-mache-ich-mich-selbstaendig\/\"><img width=\"150\" height=\"150\" src=\"https:\/\/kienecker-coaching.de\/wordpress\/wp-content\/uploads\/2016\/08\/Fotolia_36135405_XS-150x150.jpg\" class=\"attachment-150x150 size-150x150 wp-post-image\" alt=\"\" decoding=\"async\" loading=\"lazy\" \/><span class=\"rpwwt-post-title\">Jobfrage: Wie mache ich mich selbst\u00e4ndig?<\/span><\/a><div class=\"rpwwt-post-date\">August 23, 2016<\/div><div class=\"rpwwt-post-excerpt\">Ich w\u00e4re gern meine eigene Chefin, habe aber keine Ahnung, was man f\u00fcr eine\u00a0Gr\u00fcndung\u00a0braucht\u00a0und was ich dabei\u00a0beachten muss.<span class=\"rpwwt-post-excerpt-more\"><\/span><\/div><\/li>\r\n\t\t<li><a href=\"https:\/\/kienecker-coaching.de\/wordpress\/jobfrage-des-monats\/\"><img width=\"150\" height=\"150\" src=\"https:\/\/kienecker-coaching.de\/wordpress\/wp-content\/uploads\/2016\/06\/marketing1-150x150.jpg\" class=\"attachment-150x150 size-150x150 wp-post-image\" alt=\"\" decoding=\"async\" loading=\"lazy\" \/><span class=\"rpwwt-post-title\">Jobfrage: Wie funktioniert Marketing?<\/span><\/a><div class=\"rpwwt-post-date\">Juni 12, 2016<\/div><div class=\"rpwwt-post-excerpt\">Ich habe eine gute Gesch\u00e4ftsidee und denke dar\u00fcber nach, mich damit selbstst\u00e4ndig zu machen. Aber wie kann ich Kunden gewinnen und worauf muss ich achten?<span class=\"rpwwt-post-excerpt-more\"><\/span><\/div><\/li>\r\n\t\t<li><a href=\"https:\/\/kienecker-coaching.de\/wordpress\/lorem-ipsum-2\/\"><img width=\"150\" height=\"150\" src=\"https:\/\/kienecker-coaching.de\/wordpress\/wp-content\/uploads\/2016\/06\/Fotolia_71273373_XS-150x150.jpg\" class=\"attachment-150x150 size-150x150 wp-post-image\" alt=\"\" decoding=\"async\" loading=\"lazy\" \/><span class=\"rpwwt-post-title\">Jobfrage: Was bringen Pers\u00f6nlichkeit-Profile?<\/span><\/a><div class=\"rpwwt-post-date\">April 12, 2016<\/div><div class=\"rpwwt-post-excerpt\">Eine meiner Kolleginnen hat im Rahmen eines F\u00fchrungskr\u00e4ftetrainings einen Pers\u00f6nlichkeitstest gemacht. Sie sagt, sie habe davon sehr profitiert,\u00a0 weil sie nun besser versteht, wie sie tickt und ihre St\u00e4rken besser einsetzen kann. K\u00f6nnen Sie mir sagen, welche Tests es gibt und welche wirklich sinnvoll sind?\u00a0<span class=\"rpwwt-post-excerpt-more\"><\/span><\/div><\/li>\r\n\t<\/ul>\r\n<\/div><!-- .rpwwt-widget -->\r\n<\/div><\/div><\/div><\/div>","protected":false},"excerpt":{"rendered":"","protected":false},"author":1,"featured_media":0,"parent":27,"menu_order":2,"comment_status":"closed","ping_status":"closed","template":"","meta":[],"_links":{"self":[{"href":"https:\/\/kienecker-coaching.de\/wordpress\/wp-json\/wp\/v2\/pages\/37"}],"collection":[{"href":"https:\/\/kienecker-coaching.de\/wordpress\/wp-json\/wp\/v2\/pages"}],"about":[{"href":"https:\/\/kienecker-coaching.de\/wordpress\/wp-json\/wp\/v2\/types\/page"}],"author":[{"embeddable":true,"href":"https:\/\/kienecker-coaching.de\/wordpress\/wp-json\/wp\/v2\/users\/1"}],"replies":[{"embeddable":true,"href":"https:\/\/kienecker-coaching.de\/wordpress\/wp-json\/wp\/v2\/comments?post=37"}],"version-history":[{"count":8,"href":"https:\/\/kienecker-coaching.de\/wordpress\/wp-json\/wp\/v2\/pages\/37\/revisions"}],"predecessor-version":[{"id":326,"href":"https:\/\/kienecker-coaching.de\/wordpress\/wp-json\/wp\/v2\/pages\/37\/revisions\/326"}],"up":[{"embeddable":true,"href":"https:\/\/kienecker-coaching.de\/wordpress\/wp-json\/wp\/v2\/pages\/27"}],"wp:attachment":[{"href":"https:\/\/kienecker-coaching.de\/wordpress\/wp-json\/wp\/v2\/media?parent=37"}],"curies":[{"name":"wp","href":"https:\/\/api.w.org\/{rel}","templated":true}]}}