{"id":33,"date":"2016-04-04T10:26:26","date_gmt":"2016-04-04T10:26:26","guid":{"rendered":"http:\/\/kienecker-coaching.de\/wordpress\/?page_id=33"},"modified":"2022-02-01T15:46:33","modified_gmt":"2022-02-01T15:46:33","slug":"workshops","status":"publish","type":"page","link":"https:\/\/kienecker-coaching.de\/wordpress\/angebot\/workshops\/","title":{"rendered":"Workshops"},"content":{"rendered":"<div id=\"pl-33\"  class=\"panel-layout\" ><div id=\"pg-33-0\"  class=\"panel-grid panel-no-style\" ><div id=\"pgc-33-0-0\"  class=\"panel-grid-cell\" ><div id=\"panel-33-0-0-0\" class=\"so-panel widget widget_sow-image panel-first-child panel-last-child\" data-index=\"0\" ><div\n\t\t\t\n\t\t\tclass=\"so-widget-sow-image so-widget-sow-image-default-d6014b76747a-33\"\n\t\t\t\n\t\t>\n\n<div class=\"sow-image-container\">\n\t\t<img src=\"https:\/\/kienecker-coaching.de\/wordpress\/wp-content\/uploads\/2016\/04\/Workshops_resized.jpg\" width=\"401\" height=\"250\" srcset=\"https:\/\/kienecker-coaching.de\/wordpress\/wp-content\/uploads\/2016\/04\/Workshops_resized.jpg 401w, https:\/\/kienecker-coaching.de\/wordpress\/wp-content\/uploads\/2016\/04\/Workshops_resized-300x187.jpg 300w\" sizes=\"(max-width: 401px) 100vw, 401px\" alt=\"\" loading=\"lazy\" \t\tclass=\"so-widget-image\"\/>\n\t<\/div>\n\n<\/div><\/div><\/div><div id=\"pgc-33-0-1\"  class=\"panel-grid-cell\" ><div id=\"panel-33-0-1-0\" class=\"so-panel widget widget_sow-editor panel-first-child panel-last-child\" data-index=\"1\" ><div\n\t\t\t\n\t\t\tclass=\"so-widget-sow-editor so-widget-sow-editor-base\"\n\t\t\t\n\t\t>\n<div class=\"siteorigin-widget-tinymce textwidget\">\n\t<p>Unsere <strong>Pr\u00e4senz-Coaching-Workshops<\/strong> sind f\u00fcr Menschen konzipiert, die sich ein oder zwei Tage intensiv mit ihrem Anliegen besch\u00e4ftigen und daf\u00fcr L\u00f6sungen finden wollen. In Gruppen mit maximal 16 Teilnehmern arbeiten Sie sehr konzentriert und intensiv an Ihrem Thema. Ein straffer Zeitplan mit vielfach bew\u00e4hrten Methoden und \u00dcbungen sorgt daf\u00fcr, dass Sie zielorientiert und effektiv vorgehen.Unterst\u00fctzt und angeleitet werden Sie dabei durch Business-Coach Silke Kienecker und ab einer Gruppengr\u00f6\u00dfe von 13 Teilnehmern durch eine weitere Kollegin aus unserem bundesweiten Team. In unseren Coaching-Workshops profitieren Sie auch von den vielf\u00e4ltigen Erfahrungen der anderen Teilnehmer und k\u00f6nnen sich dauerhaft miteinander vernetzen.<\/p>\n<p>Unsere <strong>Online-Coaching-Workshops<\/strong>\u00a0sind zeitlich in mehrere k\u00fcrzere Module aufgeteilt und wir arbeiten mit maximal 12 Teilnehmern. Zur Zeit bieten wir wegen der Corona-Pandemie nur Online-Veranstaltungen an. Die Kostenersparnis f\u00fcr Reisen und Seminarraummieten geben wir an Sie weiter.<\/p>\n<\/div>\n<\/div><\/div><\/div><\/div><div id=\"pg-33-1\"  class=\"panel-grid panel-no-style\" ><div id=\"pgc-33-1-0\"  class=\"panel-grid-cell\" ><div id=\"panel-33-1-0-0\" class=\"so-panel widget widget_sow-headline panel-first-child panel-last-child\" data-index=\"2\" ><div class=\"panel-widget-style panel-widget-style-for-33-1-0-0\" ><div\n\t\t\t\n\t\t\tclass=\"so-widget-sow-headline so-widget-sow-headline-default-268011b13483-33\"\n\t\t\t\n\t\t><div class=\"sow-headline-container \">\n\t\t\t\t\t\t<div class=\"decoration\">\n\t\t\t\t\t\t<div class=\"decoration-inside\"><\/div>\n\t\t\t\t\t<\/div>\n\t\t\t\t\t<h3 class='sow-sub-headline'>Online-Meeting \u201eJahresauftakt - Zeit zum Innehalten\"<\/h3><\/div><\/div><\/div><\/div><\/div><\/div><div id=\"pg-33-2\"  class=\"panel-grid panel-no-style\" ><div id=\"pgc-33-2-0\"  class=\"panel-grid-cell\" ><div id=\"panel-33-2-0-0\" class=\"so-panel widget widget_sow-editor panel-first-child panel-last-child\" data-index=\"3\" ><div class=\"kienecker panel-widget-style panel-widget-style-for-33-2-0-0\" ><div\n\t\t\t\n\t\t\tclass=\"so-widget-sow-editor so-widget-sow-editor-base\"\n\t\t\t\n\t\t>\n<div class=\"siteorigin-widget-tinymce textwidget\">\n\t<p>2021 liegt gerade hinter uns. Und irgendwie war in diesem Jahr kaum Zeit, innezuhalten und in sich hinein zu sp\u00fcren, was da eigentlich mit uns passiert. Dabei bringt ein\u00a0au\u00dfergew\u00f6hnliches\u00a0Jahr sicher auch au\u00dfergew\u00f6hnliche Einsichten.<br \/>\n\u200b<br \/>\nLassen Sie uns in diesem\u00a0<strong>kostenlose\u00a0Online-Meeting<\/strong>\u00a0Gewohntes in Frage stellen und Neues ausprobieren! In kleiner Gruppe g\u00f6nnen wir uns zwei Stunden, um das vergangene\u00a0Jahr mit seinen Freuden und Erfolgen, aber auch mit seinen Schwierigkeiten Revue passieren zu lassen und uns auf das neue Jahr einzustimmen.<\/p>\n<p><strong>Dauer<\/strong> 2 Stunden von 17:30 bis 19:30 Uhr<\/p>\n<p><a href=\"http:\/\/anmeldung.kienecker-coaching.de\/weblets\/17\">Mehr Informationen und aktuelle Termine<\/a><\/p>\n<\/div>\n<\/div><\/div><\/div><\/div><div id=\"pgc-33-2-1\"  class=\"panel-grid-cell\" ><div id=\"panel-33-2-1-0\" class=\"so-panel widget widget_sow-editor panel-first-child panel-last-child\" data-index=\"4\" ><div class=\"panel-widget-style panel-widget-style-for-33-2-1-0\" ><div\n\t\t\t\n\t\t\tclass=\"so-widget-sow-editor so-widget-sow-editor-base\"\n\t\t\t\n\t\t>\n<div class=\"siteorigin-widget-tinymce textwidget\">\n\t<p><strong>Workshopgeb\u00fchr<br \/>\n<\/strong>0,00 Euro<\/p>\n<\/div>\n<\/div><\/div><\/div><\/div><\/div><div id=\"pg-33-3\"  class=\"panel-grid panel-no-style\" ><div id=\"pgc-33-3-0\"  class=\"panel-grid-cell\" ><div id=\"panel-33-3-0-0\" class=\"so-panel widget widget_sow-headline panel-first-child panel-last-child\" data-index=\"5\" ><div\n\t\t\t\n\t\t\tclass=\"so-widget-sow-headline so-widget-sow-headline-default-268011b13483-33\"\n\t\t\t\n\t\t><div class=\"sow-headline-container \">\n\t\t\t\t\t\t<div class=\"decoration\">\n\t\t\t\t\t\t<div class=\"decoration-inside\"><\/div>\n\t\t\t\t\t<\/div>\n\t\t\t\t\t<h3 class='sow-sub-headline'>Online Workshop \u201eMeine St\u00e4rken - meine Wirkung\"<\/h3><\/div><\/div><\/div><\/div><\/div><div id=\"pg-33-4\"  class=\"panel-grid panel-no-style\" ><div id=\"pgc-33-4-0\"  class=\"panel-grid-cell\" ><div id=\"panel-33-4-0-0\" class=\"so-panel widget widget_sow-editor panel-first-child panel-last-child\" data-index=\"6\" ><div class=\"kienecker panel-widget-style panel-widget-style-for-33-4-0-0\" ><div\n\t\t\t\n\t\t\tclass=\"so-widget-sow-editor so-widget-sow-editor-base\"\n\t\t\t\n\t\t>\n<div class=\"siteorigin-widget-tinymce textwidget\">\n\t<p>You never get a second chance to make a first impression! Wer sich selbst gut kennt, mit seinen pers\u00f6nlichen St\u00e4rken und Entwicklungsfeldern, kann auch seine Wirkung auf andere besser einsch\u00e4tzen.<\/p>\n<p>Dieser Workshop richtet sich an Frauen, die sich Ihre pers\u00f6nlichen St\u00e4rken bewusster machen und Ihre Wirkung verbessern\u00a0m\u00f6chten.<\/p>\n<p><strong>Dauer<\/strong>\u00a04 Module \u00e0 4 Stunden an zwei Wochenende; jeweils Samstag und Sonntag: 14:30 bis 18.30 Uhr<\/p>\n<p><a href=\"http:\/\/anmeldung.kienecker-coaching.de\/weblets\/19\">Mehr Informationen und aktuelle Termine<\/a><\/p>\n<\/div>\n<\/div><\/div><\/div><\/div><div id=\"pgc-33-4-1\"  class=\"panel-grid-cell\" ><div id=\"panel-33-4-1-0\" class=\"so-panel widget widget_sow-editor panel-first-child panel-last-child\" data-index=\"7\" ><div class=\"panel-widget-style panel-widget-style-for-33-4-1-0\" ><div\n\t\t\t\n\t\t\tclass=\"so-widget-sow-editor so-widget-sow-editor-base\"\n\t\t\t\n\t\t>\n<div class=\"siteorigin-widget-tinymce textwidget\">\n\t<p><strong>Workshopgeb\u00fchr<br \/>\n<\/strong>269,00 Euro<\/p>\n<\/div>\n<\/div><\/div><\/div><\/div><\/div><div id=\"pg-33-5\"  class=\"panel-grid panel-no-style\" ><div id=\"pgc-33-5-0\"  class=\"panel-grid-cell\" ><div id=\"panel-33-5-0-0\" class=\"so-panel widget widget_sow-headline panel-first-child panel-last-child\" data-index=\"8\" ><div\n\t\t\t\n\t\t\tclass=\"so-widget-sow-headline so-widget-sow-headline-default-268011b13483-33\"\n\t\t\t\n\t\t><div class=\"sow-headline-container \">\n\t\t\t\t\t\t<div class=\"decoration\">\n\t\t\t\t\t\t<div class=\"decoration-inside\"><\/div>\n\t\t\t\t\t<\/div>\n\t\t\t\t\t<h3 class='sow-sub-headline'>Online-Training \u201eKeine Angst vor Zoom - Einstieg f\u00fcr Sp\u00e4teinsteiger\"<\/h3><\/div><\/div><\/div><\/div><\/div><div id=\"pg-33-6\"  class=\"panel-grid panel-no-style\" ><div id=\"pgc-33-6-0\"  class=\"panel-grid-cell\" ><div id=\"panel-33-6-0-0\" class=\"so-panel widget widget_sow-editor panel-first-child panel-last-child\" data-index=\"9\" ><div class=\"kienecker panel-widget-style panel-widget-style-for-33-6-0-0\" ><div\n\t\t\t\n\t\t\tclass=\"so-widget-sow-editor so-widget-sow-editor-base\"\n\t\t\t\n\t\t>\n<div class=\"siteorigin-widget-tinymce textwidget\">\n\t<p>Sich mit neuen Technologien anzufreunden f\u00e4llt Ihnen nicht so leicht? Sie kommen am besten klar, wenn Ihnen jemanden Schritt f\u00fcr Schritt etwas pers\u00f6nlich erkl\u00e4rt?<br \/>\n\u200b<br \/>\nIn diesem\u00a0<strong>Training\u00a0<\/strong>geht es darum, sich spielerisch mit den Basics von Zoom vertraut zu machen. Am Ende des Workshops beherrschen Sie die wichtigsten Funktionen. Sie k\u00f6nnen Meetings selbst planen, andere dazu einladen. Sie wissen, wie Sie sich selbst gut pr\u00e4sentieren und wie Sie mit anderen Ihre Bildschirminhalte teilen, um diese zu besprechen.<\/p>\n<p><strong>Dauer<\/strong> 4 Module \u00e0 1,5 Stdn., Donnertags von 11:00 bis 12:30 Uhr<\/p>\n<p><a href=\"http:\/\/anmeldung.kienecker-coaching.de\/weblets\/21\">Mehr Informationen und aktuelle Termine<\/a><\/p>\n<\/div>\n<\/div><\/div><\/div><\/div><div id=\"pgc-33-6-1\"  class=\"panel-grid-cell\" ><div id=\"panel-33-6-1-0\" class=\"so-panel widget widget_sow-editor panel-first-child panel-last-child\" data-index=\"10\" ><div class=\"panel-widget-style panel-widget-style-for-33-6-1-0\" ><div\n\t\t\t\n\t\t\tclass=\"so-widget-sow-editor so-widget-sow-editor-base\"\n\t\t\t\n\t\t>\n<div class=\"siteorigin-widget-tinymce textwidget\">\n\t<p><strong>Seminargeb\u00fchr<\/strong><br \/>\n179,00 Euro<\/p>\n<p>&nbsp;<\/p>\n<\/div>\n<\/div><\/div><\/div><\/div><\/div><div id=\"pg-33-7\"  class=\"panel-grid panel-no-style\" ><div id=\"pgc-33-7-0\"  class=\"panel-grid-cell\" ><div id=\"panel-33-7-0-0\" class=\"so-panel widget widget_sow-headline panel-first-child panel-last-child\" data-index=\"11\" ><div\n\t\t\t\n\t\t\tclass=\"so-widget-sow-headline so-widget-sow-headline-default-268011b13483-33\"\n\t\t\t\n\t\t><div class=\"sow-headline-container \">\n\t\t\t\t\t\t<div class=\"decoration\">\n\t\t\t\t\t\t<div class=\"decoration-inside\"><\/div>\n\t\t\t\t\t<\/div>\n\t\t\t\t\t<h3 class='sow-sub-headline'>Online-Workshop \u201eDranbleiben! - Kraft und Motivation zum Erreichen beruflicher Ziele\"<\/h3><\/div><\/div><\/div><\/div><\/div><div id=\"pg-33-8\"  class=\"panel-grid panel-no-style\" ><div id=\"pgc-33-8-0\"  class=\"panel-grid-cell\" ><div id=\"panel-33-8-0-0\" class=\"so-panel widget widget_sow-editor panel-first-child panel-last-child\" data-index=\"12\" ><div class=\"kienecker panel-widget-style panel-widget-style-for-33-8-0-0\" ><div\n\t\t\t\n\t\t\tclass=\"so-widget-sow-editor so-widget-sow-editor-base\"\n\t\t\t\n\t\t>\n<div class=\"siteorigin-widget-tinymce textwidget\">\n\t<p>Eine Weiterbildung anfangen, einen neuen Job suchen, ein Sabatical\u00a0durchsetzen... Damit aus Pl\u00e4nen Wirklichkeit wird,\u00a0brauchen wir Motivation und Mut.\u00a0Sie haben bereits ein Ziel oder zumindest eine Vorstellung davon, was Sie erreichen m\u00f6chten? In guten Momenten sind Sie Feuer und Flamme f\u00fcr Ihren Plan, in\u00a0schlechten verl\u00e4sst Sie der Mut und Sie denken: \u201eDas schaffe ich doch nie!\u201c Was Ihnen jetzt\u00a0fehlt, ist ein Motivationsschub, Ihr Vorhaben zu konkretisieren und tats\u00e4chlich anzugehen!<\/p>\n<p>Selbstmotivations-Workshop f\u00fcr Frauen, die ein Ziel erreichen wollen.<\/p>\n<p><strong>Dauer<\/strong>\u00a02 Module \u00e0 4 Stunden an einem Wochenende, Sa. und So. jeweils von 9:30 bis 13:30 Uhr<\/p>\n<p><a href=\"http:\/\/anmeldung.kienecker-coaching.de\/weblets\/20\">Mehr Informationen und aktuelle Termine<\/a><\/p>\n<\/div>\n<\/div><\/div><\/div><\/div><div id=\"pgc-33-8-1\"  class=\"panel-grid-cell\" ><div id=\"panel-33-8-1-0\" class=\"so-panel widget widget_sow-editor panel-first-child panel-last-child\" data-index=\"13\" ><div class=\"panel-widget-style panel-widget-style-for-33-8-1-0\" ><div\n\t\t\t\n\t\t\tclass=\"so-widget-sow-editor so-widget-sow-editor-base\"\n\t\t\t\n\t\t>\n<div class=\"siteorigin-widget-tinymce textwidget\">\n\t<p><strong>Workshopgeb\u00fchr<\/strong><br \/>\n179,00 Euro<\/p>\n<p>&nbsp;<\/p>\n<\/div>\n<\/div><\/div><\/div><\/div><\/div><div id=\"pg-33-9\"  class=\"panel-grid panel-no-style\" ><div id=\"pgc-33-9-0\"  class=\"panel-grid-cell\" ><div id=\"panel-33-9-0-0\" class=\"so-panel widget widget_sow-headline panel-first-child panel-last-child\" data-index=\"14\" ><div\n\t\t\t\n\t\t\tclass=\"so-widget-sow-headline so-widget-sow-headline-default-268011b13483-33\"\n\t\t\t\n\t\t><div class=\"sow-headline-container \">\n\t\t\t\t\t\t<div class=\"decoration\">\n\t\t\t\t\t\t<div class=\"decoration-inside\"><\/div>\n\t\t\t\t\t<\/div>\n\t\t\t\t\t<h3 class='sow-sub-headline'>Online Seminar \u201eAuf Augenh\u00f6he - so gelingen schwierige Gespr\u00e4che\"<\/h3><\/div><\/div><\/div><\/div><\/div><div id=\"pg-33-10\"  class=\"panel-grid panel-no-style\" ><div id=\"pgc-33-10-0\"  class=\"panel-grid-cell\" ><div id=\"panel-33-10-0-0\" class=\"so-panel widget widget_sow-editor panel-first-child panel-last-child\" data-index=\"15\" ><div class=\"kienecker panel-widget-style panel-widget-style-for-33-10-0-0\" ><div\n\t\t\t\n\t\t\tclass=\"so-widget-sow-editor so-widget-sow-editor-base\"\n\t\t\t\n\t\t>\n<div class=\"siteorigin-widget-tinymce textwidget\">\n\t<p>Gehaltsverhandlungen, Teamsitzungen,\u00a0Diskussionen mit Kollegen, Mitarbeitern, Vorgesetzten. Viele Gespr\u00e4che im\u00a0Berufsalltag\u00a0sind ganz sch\u00f6n herausfordernd. Mit ein wenig\u00a0psychologischem Wissen gelingen sie\u00a0besser und\u00a0vor allem entspannter.<\/p>\n<p>In diesem\u00a0<strong>Seminar\u00a0<\/strong>geht\u00a0es um die\u00a0tieferen Ebenen der Kommunikation. Sie\u00a0lernen\u00a0die h\u00e4ufigsten\u00a0Quellen f\u00fcr\u00a0Missverst\u00e4ndnisse kennen, analysieren\u00a0Ihr eigenes Gespr\u00e4chsverhalten und verstehen Dynamiken von Gespr\u00e4chen.<\/p>\n<p><strong>Dauer<\/strong> 2 Module \u00e0 4 Stdn. an zwei Wochenende, jeweils Sa. 15:00 bis 19:00 Uhr<\/p>\n<p><a href=\"http:\/\/anmeldung.kienecker-coaching.de\/weblets\/22\">Mehr Informationen und aktuelle Termine<\/a><\/p>\n<\/div>\n<\/div><\/div><\/div><\/div><div id=\"pgc-33-10-1\"  class=\"panel-grid-cell\" ><div id=\"panel-33-10-1-0\" class=\"so-panel widget widget_sow-editor panel-first-child panel-last-child\" data-index=\"16\" ><div class=\"panel-widget-style panel-widget-style-for-33-10-1-0\" ><div\n\t\t\t\n\t\t\tclass=\"so-widget-sow-editor so-widget-sow-editor-base\"\n\t\t\t\n\t\t>\n<div class=\"siteorigin-widget-tinymce textwidget\">\n\t<p><strong>Seminargeb\u00fchr<\/strong><br \/>\n179,00 Euro<\/p>\n<p>&nbsp;<\/p>\n<\/div>\n<\/div><\/div><\/div><\/div><\/div><div id=\"pg-33-11\"  class=\"panel-grid panel-no-style\" ><div id=\"pgc-33-11-0\"  class=\"panel-grid-cell\" ><div id=\"panel-33-11-0-0\" class=\"so-panel widget widget_sow-headline panel-first-child panel-last-child\" data-index=\"17\" ><div\n\t\t\t\n\t\t\tclass=\"so-widget-sow-headline so-widget-sow-headline-default-268011b13483-33\"\n\t\t\t\n\t\t><div class=\"sow-headline-container \">\n\t\t\t\t\t\t<div class=\"decoration\">\n\t\t\t\t\t\t<div class=\"decoration-inside\"><\/div>\n\t\t\t\t\t<\/div>\n\t\t\t\t\t<h3 class='sow-sub-headline'>Online Workshop \u201eBin ich noch im richtigen Job? Entdecken, was ich wirklich will!\"<\/h3><\/div><\/div><\/div><\/div><\/div><div id=\"pg-33-12\"  class=\"panel-grid panel-no-style\" ><div id=\"pgc-33-12-0\"  class=\"panel-grid-cell\" ><div id=\"panel-33-12-0-0\" class=\"so-panel widget widget_sow-editor panel-first-child\" data-index=\"18\" ><div class=\"kienecker panel-widget-style panel-widget-style-for-33-12-0-0\" ><div\n\t\t\t\n\t\t\tclass=\"so-widget-sow-editor so-widget-sow-editor-base\"\n\t\t\t\n\t\t>\n<div class=\"siteorigin-widget-tinymce textwidget\">\n\t<p>Sie sind unzufrieden mit Ihrer beruflichen Situation und m\u00f6chten sich ver\u00e4ndern? Sie w\u00fcrden gern etwas anderes machen, wissen aber noch nicht, wo die Reise hingehen soll? Willkommen im Club!<\/p>\n<p>Dieser\u00a0Workshop richtet sich an Frauen, die sich beruflich ver\u00e4ndern oder neu positionieren wollen. An einem Wochenende\u00a0haben Sie den Raum und die Zeit, um fokussiert ein neues\u00a0berufliches Ziel zu erarbeiten.<\/p>\n<p><strong>Dauer<\/strong> 4 Module \u00e0 4 Stdn. an zwei Wochenenden, im Abstand von 14 Tagen, jeweils Sa. und So von 14:30 bis 18:30 Uhr<\/p>\n<p><a href=\"http:\/\/anmeldung.kienecker-coaching.de\/weblets\/18\">Mehr Informationen und aktuelle Termine<\/a><\/p>\n<\/div>\n<\/div><\/div><\/div><div id=\"panel-33-12-0-1\" class=\"so-panel widget widget_sow-headline panel-last-child\" data-index=\"19\" ><div\n\t\t\t\n\t\t\tclass=\"so-widget-sow-headline so-widget-sow-headline-default-268011b13483-33\"\n\t\t\t\n\t\t><div class=\"sow-headline-container \">\n\t\t\t\t\t\t<div class=\"decoration\">\n\t\t\t\t\t\t<div class=\"decoration-inside\"><\/div>\n\t\t\t\t\t<\/div>\n\t\t\t\t\t<h3 class='sow-sub-headline'>Pr\u00e4senz Workshop \u201eMeine St\u00e4rken - meine Wirkung\"<\/h3><\/div><\/div><\/div><\/div><div id=\"pgc-33-12-1\"  class=\"panel-grid-cell\" ><div id=\"panel-33-12-1-0\" class=\"so-panel widget widget_sow-editor panel-first-child panel-last-child\" data-index=\"20\" ><div class=\"panel-widget-style panel-widget-style-for-33-12-1-0\" ><div\n\t\t\t\n\t\t\tclass=\"so-widget-sow-editor so-widget-sow-editor-base\"\n\t\t\t\n\t\t>\n<div class=\"siteorigin-widget-tinymce textwidget\">\n\t<p><strong>Workshopgeb\u00fchr<\/strong><br \/>\n269,00 Euro<\/p>\n<\/div>\n<\/div><\/div><\/div><\/div><\/div><div id=\"pg-33-13\"  class=\"panel-grid panel-no-style\" ><div id=\"pgc-33-13-0\"  class=\"panel-grid-cell\" ><div id=\"panel-33-13-0-0\" class=\"so-panel widget widget_sow-editor panel-first-child panel-last-child\" data-index=\"21\" ><div class=\"kienecker panel-widget-style panel-widget-style-for-33-13-0-0\" ><div\n\t\t\t\n\t\t\tclass=\"so-widget-sow-editor so-widget-sow-editor-base\"\n\t\t\t\n\t\t>\n<div class=\"siteorigin-widget-tinymce textwidget\">\n\t<p>You never get a second chance to make a first impression! Wer sich selbst gut kennt, mit seinen pers\u00f6nlichen St\u00e4rken und Entwicklungsfeldern, kann auch seine Wirkung auf andere besser einsch\u00e4tzen.<\/p>\n<p>Dieser Workshop richtet sich an Frauen, die sich Ihre pers\u00f6nlichen St\u00e4rken bewusster machen und Ihre Wirkung verbessern\u00a0m\u00f6chten.<\/p>\n<p><strong>Dauer<\/strong>\u00a02 Tage am Wochenende; Samstag und Sonntag: 10:00 bis 17.30 Uhr<\/p>\n<p><a href=\"http:\/\/anmeldung.kienecker-coaching.de\/weblets\/16\">Mehr Informationen und aktuelle Termine<\/a><\/p>\n<\/div>\n<\/div><\/div><\/div><\/div><div id=\"pgc-33-13-1\"  class=\"panel-grid-cell\" ><div id=\"panel-33-13-1-0\" class=\"so-panel widget widget_sow-editor panel-first-child panel-last-child\" data-index=\"22\" ><div class=\"panel-widget-style panel-widget-style-for-33-13-1-0\" ><div\n\t\t\t\n\t\t\tclass=\"so-widget-sow-editor so-widget-sow-editor-base\"\n\t\t\t\n\t\t>\n<div class=\"siteorigin-widget-tinymce textwidget\">\n\t<p><strong>Workshopgeb\u00fchr<br \/>\n<\/strong>379,00 Euro<\/p>\n<\/div>\n<\/div><\/div><\/div><\/div><\/div><div id=\"pg-33-14\"  class=\"panel-grid panel-no-style\" ><div id=\"pgc-33-14-0\"  class=\"panel-grid-cell\" ><div id=\"panel-33-14-0-0\" class=\"so-panel widget widget_sow-headline panel-first-child panel-last-child\" data-index=\"23\" ><div\n\t\t\t\n\t\t\tclass=\"so-widget-sow-headline so-widget-sow-headline-default-268011b13483-33\"\n\t\t\t\n\t\t><div class=\"sow-headline-container \">\n\t\t\t\t\t\t<div class=\"decoration\">\n\t\t\t\t\t\t<div class=\"decoration-inside\"><\/div>\n\t\t\t\t\t<\/div>\n\t\t\t\t\t<h3 class='sow-sub-headline'>Pr\u00e4senz Workshop \u201eBin ich noch im richtigen Job? Entdecken, was ich wirklich will!\"<\/h3><\/div><\/div><\/div><\/div><\/div><div id=\"pg-33-15\"  class=\"panel-grid panel-no-style\" ><div id=\"pgc-33-15-0\"  class=\"panel-grid-cell\" ><div id=\"panel-33-15-0-0\" class=\"so-panel widget widget_sow-editor panel-first-child panel-last-child\" data-index=\"24\" ><div class=\"kienecker panel-widget-style panel-widget-style-for-33-15-0-0\" ><div\n\t\t\t\n\t\t\tclass=\"so-widget-sow-editor so-widget-sow-editor-base\"\n\t\t\t\n\t\t>\n<div class=\"siteorigin-widget-tinymce textwidget\">\n\t<p>Sie sind unzufrieden mit Ihrer beruflichen Situation und m\u00f6chten sich ver\u00e4ndern? Sie w\u00fcrden gern etwas anderes machen, wissen aber noch nicht, wo die Reise hingehen soll? Willkommen im Club!<\/p>\n<p>Dieser\u00a0Workshop richtet sich an Frauen, die sich beruflich ver\u00e4ndern oder neu positionieren wollen. An einem Wochenende\u00a0haben Sie den Raum und die Zeit, um fokussiert ein neues\u00a0berufliches Ziel zu erarbeiten.<\/p>\n<p><strong>Dauer<\/strong> 2 Tage am Wochenende, jeweils von 9:30 bis 17:30 Uhr<\/p>\n<p><a href=\"http:\/\/anmeldung.kienecker-coaching.de\/weblets\/11\">Mehr Informationen und aktuelle Termine<\/a><\/p>\n<\/div>\n<\/div><\/div><\/div><\/div><div id=\"pgc-33-15-1\"  class=\"panel-grid-cell\" ><div id=\"panel-33-15-1-0\" class=\"so-panel widget widget_sow-editor panel-first-child panel-last-child\" data-index=\"25\" ><div class=\"panel-widget-style panel-widget-style-for-33-15-1-0\" ><div\n\t\t\t\n\t\t\tclass=\"so-widget-sow-editor so-widget-sow-editor-base\"\n\t\t\t\n\t\t>\n<div class=\"siteorigin-widget-tinymce textwidget\">\n\t<p><strong>Workshopgeb\u00fchr<\/strong><br \/>\n379,00 Euro<\/p>\n<\/div>\n<\/div><\/div><\/div><\/div><\/div><div id=\"pg-33-16\"  class=\"panel-grid panel-no-style\" ><div id=\"pgc-33-16-0\"  class=\"panel-grid-cell\" ><div id=\"panel-33-16-0-0\" class=\"so-panel widget widget_sow-headline panel-first-child panel-last-child\" data-index=\"26\" ><div\n\t\t\t\n\t\t\tclass=\"so-widget-sow-headline so-widget-sow-headline-default-268011b13483-33\"\n\t\t\t\n\t\t><div class=\"sow-headline-container \">\n\t\t\t\t\t\t<div class=\"decoration\">\n\t\t\t\t\t\t<div class=\"decoration-inside\"><\/div>\n\t\t\t\t\t<\/div>\n\t\t\t\t\t<h3 class='sow-sub-headline'>Pr\u00e4senz Workshop \u201eMarke ICH - St\u00e4rken-Profiling mit dem Pers\u00f6nlichkeitsprofil von Lumina Spark\"<\/h3><\/div><\/div><\/div><\/div><\/div><div id=\"pg-33-17\"  class=\"panel-grid panel-no-style\" ><div id=\"pgc-33-17-0\"  class=\"panel-grid-cell\" ><div id=\"panel-33-17-0-0\" class=\"so-panel widget widget_sow-editor panel-first-child panel-last-child\" data-index=\"27\" ><div class=\"kienecker panel-widget-style panel-widget-style-for-33-17-0-0\" ><div\n\t\t\t\n\t\t\tclass=\"so-widget-sow-editor so-widget-sow-editor-base\"\n\t\t\t\n\t\t>\n<div class=\"siteorigin-widget-tinymce textwidget\">\n\t<p>Wer seine pers\u00f6nlichen St\u00e4rken und Talente kennt, kann diese gezielt ausbauen und f\u00fcr sich nutzen, um erfolgreicher und zufriedener zu werden. Mit dem innovativen Pers\u00f6nlichkeit-Profil Lumina Spark erarbeiten Sie in diesem Coaching-Workshop, was Sie einzigartig macht! <\/p>\n<p><strong>Dauer<\/strong> 1 Tag am Wochenende, von 9:30 -17:30 Uhr<\/p>\n<p><a href=\"http:\/\/anmeldung.kienecker-coaching.de\/weblets\/12\">Mehr Informationen und aktuelle Termine<\/a><\/p>\n<\/div>\n<\/div><\/div><\/div><\/div><div id=\"pgc-33-17-1\"  class=\"panel-grid-cell\" ><div id=\"panel-33-17-1-0\" class=\"so-panel widget widget_sow-editor panel-first-child panel-last-child\" data-index=\"28\" ><div class=\"panel-widget-style panel-widget-style-for-33-17-1-0\" ><div\n\t\t\t\n\t\t\tclass=\"so-widget-sow-editor so-widget-sow-editor-base\"\n\t\t\t\n\t\t>\n<div class=\"siteorigin-widget-tinymce textwidget\">\n\t<p><strong>Workshopgeb\u00fchr<\/strong><br \/>279,00 Euro (inkl. Lumina Spark Profil)<\/p>\n<p>\u00a0<\/p>\n<\/div>\n<\/div><\/div><\/div><\/div><\/div><\/div>","protected":false},"excerpt":{"rendered":"<p>Unsere Pr\u00e4senz-Coaching-Workshops sind f\u00fcr Menschen konzipiert, die sich ein oder zwei Tage intensiv mit ihrem Anliegen besch\u00e4ftigen und daf\u00fcr L\u00f6sungen finden wollen. In Gruppen mit maximal 16 Teilnehmern arbeiten Sie sehr konzentriert und intensiv an Ihrem Thema. Ein straffer Zeitplan mit vielfach bew\u00e4hrten Methoden und \u00dcbungen sorgt daf\u00fcr, dass Sie zielorientiert und effektiv vorgehen.Unterst\u00fctzt und [&hellip;]<\/p>\n","protected":false},"author":1,"featured_media":0,"parent":23,"menu_order":0,"comment_status":"closed","ping_status":"closed","template":"","meta":[],"_links":{"self":[{"href":"https:\/\/kienecker-coaching.de\/wordpress\/wp-json\/wp\/v2\/pages\/33"}],"collection":[{"href":"https:\/\/kienecker-coaching.de\/wordpress\/wp-json\/wp\/v2\/pages"}],"about":[{"href":"https:\/\/kienecker-coaching.de\/wordpress\/wp-json\/wp\/v2\/types\/page"}],"author":[{"embeddable":true,"href":"https:\/\/kienecker-coaching.de\/wordpress\/wp-json\/wp\/v2\/users\/1"}],"replies":[{"embeddable":true,"href":"https:\/\/kienecker-coaching.de\/wordpress\/wp-json\/wp\/v2\/comments?post=33"}],"version-history":[{"count":157,"href":"https:\/\/kienecker-coaching.de\/wordpress\/wp-json\/wp\/v2\/pages\/33\/revisions"}],"predecessor-version":[{"id":729,"href":"https:\/\/kienecker-coaching.de\/wordpress\/wp-json\/wp\/v2\/pages\/33\/revisions\/729"}],"up":[{"embeddable":true,"href":"https:\/\/kienecker-coaching.de\/wordpress\/wp-json\/wp\/v2\/pages\/23"}],"wp:attachment":[{"href":"https:\/\/kienecker-coaching.de\/wordpress\/wp-json\/wp\/v2\/media?parent=33"}],"curies":[{"name":"wp","href":"https:\/\/api.w.org\/{rel}","templated":true}]}}