{"id":29,"date":"2016-04-04T10:25:38","date_gmt":"2016-04-04T10:25:38","guid":{"rendered":"http:\/\/kienecker-coaching.de\/wordpress\/?page_id=29"},"modified":"2022-11-03T12:24:23","modified_gmt":"2022-11-03T12:24:23","slug":"einzel-coaching","status":"publish","type":"page","link":"https:\/\/kienecker-coaching.de\/wordpress\/angebot\/einzel-coaching\/","title":{"rendered":"Einzel-Coaching"},"content":{"rendered":"<div id=\"pl-29\"  class=\"panel-layout\" ><div id=\"pg-29-0\"  class=\"panel-grid panel-no-style\" ><div id=\"pgc-29-0-0\"  class=\"panel-grid-cell\" ><div id=\"panel-29-0-0-0\" class=\"so-panel widget widget_sow-image panel-first-child panel-last-child\" data-index=\"0\" ><div\n\t\t\t\n\t\t\tclass=\"so-widget-sow-image so-widget-sow-image-default-d6014b76747a-29\"\n\t\t\t\n\t\t>\n\n<div class=\"sow-image-container\">\n\t\t<img src=\"https:\/\/kienecker-coaching.de\/wordpress\/wp-content\/uploads\/2016\/04\/Einzelcoaching_resized.jpg\" width=\"450\" height=\"300\" srcset=\"https:\/\/kienecker-coaching.de\/wordpress\/wp-content\/uploads\/2016\/04\/Einzelcoaching_resized.jpg 450w, https:\/\/kienecker-coaching.de\/wordpress\/wp-content\/uploads\/2016\/04\/Einzelcoaching_resized-300x200.jpg 300w, https:\/\/kienecker-coaching.de\/wordpress\/wp-content\/uploads\/2016\/04\/Einzelcoaching_resized-380x254.jpg 380w, https:\/\/kienecker-coaching.de\/wordpress\/wp-content\/uploads\/2016\/04\/Einzelcoaching_resized-285x190.jpg 285w, https:\/\/kienecker-coaching.de\/wordpress\/wp-content\/uploads\/2016\/04\/Einzelcoaching_resized-272x182.jpg 272w\" sizes=\"(max-width: 450px) 100vw, 450px\" alt=\"\" loading=\"lazy\" \t\tclass=\"so-widget-image\"\/>\n\t<\/div>\n\n<\/div><\/div><\/div><div id=\"pgc-29-0-1\"  class=\"panel-grid-cell\" ><div id=\"panel-29-0-1-0\" class=\"so-panel widget widget_sow-editor panel-first-child panel-last-child\" data-index=\"1\" ><div\n\t\t\t\n\t\t\tclass=\"so-widget-sow-editor so-widget-sow-editor-base\"\n\t\t\t\n\t\t>\n<div class=\"siteorigin-widget-tinymce textwidget\">\n\t<p>Ein professionelles Coaching-Gespr\u00e4ch bringt schnell und effektiv Klarheit und Struktur in Situationen, in denen Sie selbst nicht weiterkommen. Es wirkt entlastend, er\u00f6ffnet neue Denkwege und Handlungsm\u00f6glichkeiten. Der systemische Ansatz, nach dem ich arbeite, ist ziel- und l\u00f6sunsorientiert. Er unterst\u00fctzt Sie darin, eine Haltung zu den Herausforderungen zu finden, denen Sie sich\u00a0stellen wollen oder m\u00fcssen. Ohne Ratschl\u00e4ge zu geben, begleite ich Sie beim L\u00f6sungsprozess Ihrer individuellen beruflichen Anliegen.<\/p>\n<p>In einem kostenlosen Vorgespr\u00e4ch kl\u00e4ren wir Ihr Thema und besprechen, welches meiner Angebote am hilfreichsten f\u00fcr Sie ist. <a href=\"https:\/\/kienecker-coaching.de\/wordpress\/kontakt\/\"><strong>Rufen <\/strong><\/a>Sie mich einfach an oder <a href=\"https:\/\/kienecker-coaching.de\/wordpress\/kontakt\/\"><strong>mailen<\/strong><\/a> Sie mir.<\/p>\n<\/div>\n<\/div><\/div><\/div><\/div><div id=\"pg-29-1\"  class=\"panel-grid panel-no-style\" ><div id=\"pgc-29-1-0\"  class=\"panel-grid-cell\" ><div id=\"panel-29-1-0-0\" class=\"so-panel widget widget_sow-editor panel-first-child panel-last-child\" data-index=\"2\" ><div\n\t\t\t\n\t\t\tclass=\"so-widget-sow-editor so-widget-sow-editor-base\"\n\t\t\t\n\t\t>\n<div class=\"siteorigin-widget-tinymce textwidget\">\n\t<h1>SIE WOLLEN<\/h1>\n<p>\u2022 konkrete berufliche Ziele erreichen?<br \/> \u2022 schwierige oder verfahrene Situationen mit Mitarbeitern oder Kollegen l\u00f6sen?<br \/> \u2022 mehr Verantwortung in Ihrer Firma \u00fcbernehmen?<br \/> \u2022 neue Aufgaben als F\u00fchrungskraft souver\u00e4n angehen?<br \/> \u2022 Ihr F\u00fchrungsverhalten reflektieren und weiterentwickeln?<br \/> \u2022 neue berufliche Perspektiven entwickeln?<br \/> \u2022 Unterst\u00fctzung bei tief greifenden beruflichen Entscheidungen oder Ver\u00e4nderungsprozessen?<br \/> \u2022 die ersten 100 Tage im neuen Job gut \u00fcberstehen?<br \/> \u2022 effektiver und zielgerichteter arbeiten?<br \/> \u2022 sich auf ein schwieriges Gespr\u00e4ch vorbereiten?<\/p>\n<h2>METHODEN<\/h2>\n<p>Systemische Fragen, Aufstellung mit dem Systembrett, Visualisierung, Selbstbeobachtung, Selbstreflexion, themenbezogene \u00dcbungen. Bei Bedarf Arbeit mit dem Z\u00fcrcher Ressourcen Modell (ZRM), dem Pers\u00f6nlihckeits Profil Lumina Spark.<\/p>\n<h2>DAUER<\/h2>\n<p>F\u00fcr fokussierte Anliegen wie die Vorbereitung auf ein schwieriges Gespr\u00e4ch reichen normalerweise 1-2 Termine. Umfangreichere Themen wie Ziel- und Perspektivplanung oder die \u00dcbernahme von F\u00fchrungsverantwortung ben\u00f6tigen 3 bis 6, manchmal auch 10 Stunden. Vor jedem Prozess findet ein kostenloses Vorgespr\u00e4ch statt.<\/p>\n<h2>COACHING-PAKETE<\/h2>\n<p>F\u00fcr h\u00e4ufiger auftauchende Anliegen habe ich spezielle Coaching-Pakete geschn\u00fcrt. Diese umfassen mehrere aufeinander aufbauende Module, in denen ich mit bew\u00e4hrten Methoden arbeite, die Sie effektiv und zielorientiert bei der Arbeit an Ihrer individuellen L\u00f6sung unterst\u00fctzen. Nat\u00fcrlich k\u00f6nnen diese Pakete auch individuell erweitert und ver\u00e4ndert werden.<\/p>\n<\/div>\n<\/div><\/div><\/div><\/div><div id=\"pg-29-2\"  class=\"panel-grid panel-no-style\" ><div id=\"pgc-29-2-0\"  class=\"panel-grid-cell\" ><div id=\"panel-29-2-0-0\" class=\"so-panel widget widget_text panel-first-child panel-last-child\" data-index=\"3\" ><h3 class=\"widget-title\">BERUFLICHE PERSPEKTIV-ENTWICKLUNG<\/h3>\t\t\t<div class=\"textwidget\"><\/div>\n\t\t<\/div><\/div><\/div><div id=\"pg-29-3\"  class=\"panel-grid panel-no-style\" ><div id=\"pgc-29-3-0\"  class=\"panel-grid-cell\" ><div id=\"panel-29-3-0-0\" class=\"so-panel widget widget_text panel-first-child panel-last-child\" data-index=\"4\" >\t\t\t<div class=\"textwidget\">Unsere Zeit ist zu kostbar, um sie in einem Job zu vergeuden, der nicht wirklich zu uns passt oder der uns sogar ungl\u00fccklich macht. Wie f\u00fcr viele andere Situationen in unserem Leben gilt auch hier: Love it, change it or leave it! F\u00fcr viele Menschen sind berufliche Ver\u00e4nderungen eine gro\u00dfe Herausforderung. Wir f\u00fchlen uns hin- und hergerissen zwischen Sicherheit und der Lust auf Neues. In diesem emotionalen Spagat ist Coaching eine wirkungsvolle Ma\u00dfnahme, die den Prozess der Neuorientierung begleitet. Im Coaching entwickeln Sie ein berufliches Ziel und erarbeiten konkrete Schritte, wie Sie es auch wirklich erreichen.<\/div>\n\t\t<\/div><\/div><div id=\"pgc-29-3-1\"  class=\"panel-grid-cell\" ><div id=\"panel-29-3-1-0\" class=\"so-panel widget widget_text panel-first-child panel-last-child\" data-index=\"5\" ><div class=\"panel-widget-style panel-widget-style-for-29-3-1-0\" >\t\t\t<div class=\"textwidget\"><strong>Das Coaching-Paket<\/strong> umfasst f\u00fcnf aufeinander aufbauende Module \u00e0 90 Minuten. Zwischen den individuell vereinbarten Terminen liegen ein bis zwei Wochen. <\/div>\n\t\t<\/div><\/div><\/div><\/div><div id=\"pg-29-4\"  class=\"panel-grid panel-no-style\" ><div id=\"pgc-29-4-0\"  class=\"panel-grid-cell\" ><div id=\"panel-29-4-0-0\" class=\"so-panel widget widget_text panel-first-child panel-last-child\" data-index=\"6\" ><h3 class=\"widget-title\">ST\u00c4RKEN-PROFILING<\/h3>\t\t\t<div class=\"textwidget\"><\/div>\n\t\t<\/div><\/div><\/div><div id=\"pg-29-5\"  class=\"panel-grid panel-no-style\" ><div id=\"pgc-29-5-0\"  class=\"panel-grid-cell\" ><div id=\"panel-29-5-0-0\" class=\"so-panel widget widget_text panel-first-child panel-last-child\" data-index=\"7\" >\t\t\t<div class=\"textwidget\"><strong>Lumina Spark<\/strong> ist ein innovatives Instrument zur Pers\u00f6nlichkeits-Entwicklung. Nachdem Sie einen Onlinefragebogen ausgef\u00fcllt haben, erstellen wir Ihr pers\u00f6nliches St\u00e4rken-Profil. Dieses ist sehr anschaulich gestaltet und zeigt individuelle St\u00e4rken und praktische Entwicklungspunkte auf. Anders als andere Tools vermeidet Lumina Spark Stereotypisierung, sondern bildet durch das einzelne Messen von 24 gegenpoligen Qualit\u00e4ten  unser  komplexes  und  manchmal  widerspr\u00fcchliches  Verhalten  sehr  realit\u00e4tsnah ab. Ziel  ist  es,  die  pers\u00f6nliche  Leistung  und  Kommunikation  zu  verbessern.  Einzigartig ist, dass Lumina Spark Verhalten in verschiedenen Ebenen erfasst: Welche Qualit\u00e4ten bringen wir nat\u00fcrlich mit? Welche Qualit\u00e4ten leben wir im Alltag\/Job? Und wie reagieren wir unter Druck? Im Coaching erfahren Sie viel \u00fcber sich selber, Sie verstehen sich und andere besser und erarbeiten, wie Sie Ihre St\u00e4rken zielf\u00fchrend einsetzen k\u00f6nnen. <\/div>\n\t\t<\/div><\/div><div id=\"pgc-29-5-1\"  class=\"panel-grid-cell\" ><div id=\"panel-29-5-1-0\" class=\"so-panel widget widget_text panel-first-child panel-last-child\" data-index=\"8\" ><div class=\"panel-widget-style panel-widget-style-for-29-5-1-0\" >\t\t\t<div class=\"textwidget\"><strong>Das Coaching-Paket<\/strong> umfasst Ihr individuelles 40-seitiges Lumina-Spark-Profil und drei Coachingssitzungen \u00e0 90 Minuten<\/div>\n\t\t<\/div><\/div><\/div><\/div><div id=\"pg-29-6\"  class=\"panel-grid panel-no-style\" ><div id=\"pgc-29-6-0\"  class=\"panel-grid-cell\" ><div id=\"panel-29-6-0-0\" class=\"so-panel widget widget_text panel-first-child panel-last-child\" data-index=\"9\" ><h3 class=\"widget-title\">SELBSTMANAGEMENT &#038; SELBSTMOTIVATION<\/h3>\t\t\t<div class=\"textwidget\"><\/div>\n\t\t<\/div><\/div><\/div><div id=\"pg-29-7\"  class=\"panel-grid panel-no-style\" ><div id=\"pgc-29-7-0\"  class=\"panel-grid-cell\" ><div id=\"panel-29-7-0-0\" class=\"so-panel widget widget_text panel-first-child panel-last-child\" data-index=\"10\" >\t\t\t<div class=\"textwidget\">Sie haben sich etwas vorgenommen - vielleicht nicht zum ersten Mal? Aber jetzt wollen Sie sicherstellen, dass Sie Ihr Ziel auch erreichen! Sie m\u00f6chten herausfordernde Situationen wie Pr\u00fcfungen und Vorstellungsgespr\u00e4che meistern? Sie wollen bestimmte Verhaltensweisen oder Angewohnheiten, die Sie behindern oder einschr\u00e4nken, \u00e4ndern? <strong>Das Z\u00fcrcher Ressoucen Modell<\/strong> ist eine wissenschaftlich erprobte Methode, mit deren Hilfe sich effektiv eine positive innere Haltung zu anstehenden Herausforderungen aufbauen l\u00e4sst. Die Besonderheit: Es nutzt auch die Kraft unseres Unterbewusstseins. Das ist wichtig, denn rein verstandesm\u00e4\u00dfig wissen wir ja, wie es l\u00e4uft - und kriegen es trotzdem nicht hin. So steigert ZRM die Motivation und die Selbstwirksamkeit.<\/div>\n\t\t<\/div><\/div><div id=\"pgc-29-7-1\"  class=\"panel-grid-cell\" ><div id=\"panel-29-7-1-0\" class=\"so-panel widget widget_text panel-first-child panel-last-child\" data-index=\"11\" ><div class=\"panel-widget-style panel-widget-style-for-29-7-1-0\" >\t\t\t<div class=\"textwidget\"><strong>Das Coaching-Paket<\/strong> umfasst f\u00fcnf aufeinander aufbauende Module \u00e0 90 Minuten<\/div>\n\t\t<\/div><\/div><\/div><\/div><\/div>","protected":false},"excerpt":{"rendered":"<p>Ein professionelles Coaching-Gespr\u00e4ch bringt schnell und effektiv Klarheit und Struktur in Situationen, in denen Sie selbst nicht weiterkommen. Es wirkt entlastend, er\u00f6ffnet neue Denkwege und Handlungsm\u00f6glichkeiten. Der systemische Ansatz, nach dem ich arbeite, ist ziel- und l\u00f6sunsorientiert. Er unterst\u00fctzt Sie darin, eine Haltung zu den Herausforderungen zu finden, denen Sie sich\u00a0stellen wollen oder m\u00fcssen. Ohne [&hellip;]<\/p>\n","protected":false},"author":1,"featured_media":0,"parent":23,"menu_order":0,"comment_status":"closed","ping_status":"closed","template":"","meta":[],"_links":{"self":[{"href":"https:\/\/kienecker-coaching.de\/wordpress\/wp-json\/wp\/v2\/pages\/29"}],"collection":[{"href":"https:\/\/kienecker-coaching.de\/wordpress\/wp-json\/wp\/v2\/pages"}],"about":[{"href":"https:\/\/kienecker-coaching.de\/wordpress\/wp-json\/wp\/v2\/types\/page"}],"author":[{"embeddable":true,"href":"https:\/\/kienecker-coaching.de\/wordpress\/wp-json\/wp\/v2\/users\/1"}],"replies":[{"embeddable":true,"href":"https:\/\/kienecker-coaching.de\/wordpress\/wp-json\/wp\/v2\/comments?post=29"}],"version-history":[{"count":35,"href":"https:\/\/kienecker-coaching.de\/wordpress\/wp-json\/wp\/v2\/pages\/29\/revisions"}],"predecessor-version":[{"id":790,"href":"https:\/\/kienecker-coaching.de\/wordpress\/wp-json\/wp\/v2\/pages\/29\/revisions\/790"}],"up":[{"embeddable":true,"href":"https:\/\/kienecker-coaching.de\/wordpress\/wp-json\/wp\/v2\/pages\/23"}],"wp:attachment":[{"href":"https:\/\/kienecker-coaching.de\/wordpress\/wp-json\/wp\/v2\/media?parent=29"}],"curies":[{"name":"wp","href":"https:\/\/api.w.org\/{rel}","templated":true}]}}