{"id":169,"date":"2016-04-26T11:17:23","date_gmt":"2016-04-26T11:17:23","guid":{"rendered":"http:\/\/kienecker-coaching.de\/wordpress\/?page_id=169"},"modified":"2016-04-26T11:17:23","modified_gmt":"2016-04-26T11:17:23","slug":"impressum","status":"publish","type":"page","link":"https:\/\/kienecker-coaching.de\/wordpress\/kontakt\/impressum\/","title":{"rendered":"Impressum"},"content":{"rendered":"<p><b>Kienecker Coaching<\/b><br \/>\nSilke Kienecker<br \/>\nGrabenstr. 9 B<br \/>\n20357 Hamburg<br \/>\nmobil 0151 25 22 38 83<br \/>\ne-mail <a class=\"linkblack\" href=\"mailto:sk@kienecker-coaching.de\">sk@kienecker-coaching.de<\/a><\/p>\n<p>USt-IdNr. DE271105263<\/p>\n<p><b>Copyrights<\/b><br \/>\n<b>Text:<\/b> Silke Kienecker<br \/>\n<b>Design:<\/b> Gregor Parzych, FARBFELD KOMMUNIKATIONSDESIGN, Hamburg<br \/>\n<b>Portr\u00e4t:<\/b> Iris Terzka Fotografie, www.terzka.de<\/p>\n<p>Inhaltlich Verantwortliche gem\u00e4\u00df \u00a7 55 Abs. 2 RStV: Silke Kienecker (Anschrift wie oben)<\/p>\n<p>Alle Inhalte wurden mit gr\u00f6\u00dfter Sorgfalt erstellt; jedoch k\u00f6nnen wir f\u00fcr die Richtigkeit, Vollst\u00e4ndigkeit und Aktualit\u00e4t der Inhalte keine Haftung \u00fcbernehmen. F\u00fcr die Inhalte externer Links \u00fcbernehmen wir trotz sorgf\u00e4ltiger inhaltlicher Kontrolle keine Haftung. F\u00fcr den Inhalt der verlinkten Seiten sind ausschlie\u00dflich deren Betreiber verantwortlich.<\/p>\n<p>Alle Inhalte von www.kienecker-coaching.de unterliegen dem deutschen Urheberrecht. Das Ver\u00f6ffentlichen von Text- und Bildmaterial sowie die Vervielf\u00e4ltigung, \u00c4nderung und Verbreitung von Informationen oder Daten, die diesen Seiten entnommen wurden, ist nur nach vorheriger Zustimmung von Silke Kienecker gestattet.<\/p>\n","protected":false},"excerpt":{"rendered":"<p>Kienecker Coaching Silke Kienecker Grabenstr. 9 B 20357 Hamburg mobil 0151 25 22 38 83 e-mail sk@kienecker-coaching.de USt-IdNr. DE271105263 Copyrights Text: Silke Kienecker Design: Gregor Parzych, FARBFELD KOMMUNIKATIONSDESIGN, Hamburg Portr\u00e4t: Iris Terzka Fotografie, www.terzka.de Inhaltlich Verantwortliche gem\u00e4\u00df \u00a7 55 Abs. 2 RStV: Silke Kienecker (Anschrift wie oben) Alle Inhalte wurden mit gr\u00f6\u00dfter Sorgfalt erstellt; jedoch [&hellip;]<\/p>\n","protected":false},"author":1,"featured_media":0,"parent":45,"menu_order":0,"comment_status":"closed","ping_status":"closed","template":"","meta":[],"_links":{"self":[{"href":"https:\/\/kienecker-coaching.de\/wordpress\/wp-json\/wp\/v2\/pages\/169"}],"collection":[{"href":"https:\/\/kienecker-coaching.de\/wordpress\/wp-json\/wp\/v2\/pages"}],"about":[{"href":"https:\/\/kienecker-coaching.de\/wordpress\/wp-json\/wp\/v2\/types\/page"}],"author":[{"embeddable":true,"href":"https:\/\/kienecker-coaching.de\/wordpress\/wp-json\/wp\/v2\/users\/1"}],"replies":[{"embeddable":true,"href":"https:\/\/kienecker-coaching.de\/wordpress\/wp-json\/wp\/v2\/comments?post=169"}],"version-history":[{"count":2,"href":"https:\/\/kienecker-coaching.de\/wordpress\/wp-json\/wp\/v2\/pages\/169\/revisions"}],"predecessor-version":[{"id":171,"href":"https:\/\/kienecker-coaching.de\/wordpress\/wp-json\/wp\/v2\/pages\/169\/revisions\/171"}],"up":[{"embeddable":true,"href":"https:\/\/kienecker-coaching.de\/wordpress\/wp-json\/wp\/v2\/pages\/45"}],"wp:attachment":[{"href":"https:\/\/kienecker-coaching.de\/wordpress\/wp-json\/wp\/v2\/media?parent=169"}],"curies":[{"name":"wp","href":"https:\/\/api.w.org\/{rel}","templated":true}]}}