{"id":12,"date":"2016-03-24T12:11:12","date_gmt":"2016-03-24T12:11:12","guid":{"rendered":"http:\/\/kienecker-coaching.de\/wordpress\/?page_id=12"},"modified":"2022-11-03T12:20:25","modified_gmt":"2022-11-03T12:20:25","slug":"startseite","status":"publish","type":"page","link":"https:\/\/kienecker-coaching.de\/wordpress\/","title":{"rendered":"Startseite"},"content":{"rendered":"<div id=\"pl-12\"  class=\"panel-layout\" ><div id=\"pg-12-0\"  class=\"panel-grid panel-no-style\" ><div id=\"pgc-12-0-0\"  class=\"panel-grid-cell\" ><div id=\"panel-12-0-0-0\" class=\"so-panel widget widget_text panel-first-child\" data-index=\"0\" ><h3 class=\"widget-title\">\u00dcber Uns<\/h3>\t\t\t<div class=\"textwidget\">Das Arbeitsleben ist st\u00e4ndigen Ver\u00e4nderungen unterworfen. Mal suchen wir sie uns selbst, mal brechen sie \u00fcber uns herein. Viele Anforderungen, denen wir uns stellen wollen oder m\u00fcssen, lassen sich mit den eigenen bew\u00e4hrten Strategien angehen. Doch es gibt immer wieder Themen, bei denen wir selbst nicht weiter kommen, weil unsere gewohnten Muster nicht greifen. Dann hilft: einen Schritt zur\u00fcckgehen, anders draufgucken, neu denken! Ein Perspektivwechsel erm\u00f6glicht Ihnen, Dinge neu zu sehen und anders anzugehen als bisher. Mit professioneller Unterst\u00fctzung k\u00f6nnen Sie schwierige Anliegen so schnell, effektiv und nachhaltig l\u00f6sen.\n\nAuf Basis langj\u00e4hriger Beratungserfahrung, einer fundierten Coachingexpertise und solider Teamentwicklungskompetenz unterst\u00fctze ich Einzelpersonen und Organisationen bei beruflichen Ver\u00e4nderungsprozessen.<\/div>\n\t\t<\/div><div id=\"panel-12-0-0-1\" class=\"so-panel widget widget_sow-editor panel-last-child\" data-index=\"1\" ><div\n\t\t\t\n\t\t\tclass=\"so-widget-sow-editor so-widget-sow-editor-base\"\n\t\t\t\n\t\t>\n<div class=\"siteorigin-widget-tinymce textwidget\">\n\t<div style=\"width: 640px;\" class=\"wp-video\"><!--[if lt IE 9]><script>document.createElement('video');<\/script><![endif]-->\n<video class=\"wp-video-shortcode\" id=\"video-12-1\" width=\"640\" height=\"360\" poster=\"https:\/\/kienecker-coaching.de\/wordpress\/wp-content\/uploads\/2016\/08\/kienecker_video.jpg\" preload=\"metadata\" controls=\"controls\"><source type=\"video\/mp4\" src=\"https:\/\/kienecker-coaching.de\/wordpress\/wp-content\/uploads\/2016\/09\/Kienecker_Coaching_2014_07_17.mp4?_=1\" \/><a href=\"https:\/\/kienecker-coaching.de\/wordpress\/wp-content\/uploads\/2016\/09\/Kienecker_Coaching_2014_07_17.mp4\">https:\/\/kienecker-coaching.de\/wordpress\/wp-content\/uploads\/2016\/09\/Kienecker_Coaching_2014_07_17.mp4<\/a><\/video><\/div>\n<\/div>\n<\/div><\/div><\/div><div id=\"pgc-12-0-1\"  class=\"panel-grid-cell\" ><div id=\"panel-12-0-1-0\" class=\"so-panel widget widget_recent-posts-widget-with-thumbnails recent-posts-widget-with-thumbnails panel-first-child panel-last-child\" data-index=\"2\" >\n<div id=\"rpwwt-widget-0-1-0\" class=\"rpwwt-widget\">\r\n<h3 class=\"widget-title\">Neueste Beitr\u00e4ge<\/h3>\n\t<ul>\r\n\t\t<li><a href=\"https:\/\/kienecker-coaching.de\/wordpress\/wie-kann-ich-meine-wirkung-verbessern\/\"><img width=\"75\" height=\"75\" src=\"https:\/\/kienecker-coaching.de\/wordpress\/wp-content\/uploads\/2019\/09\/vectorstock_6103150-150x150.jpg\" class=\"attachment-75x75 size-75x75 wp-post-image\" alt=\"\" decoding=\"async\" loading=\"lazy\" \/><span class=\"rpwwt-post-title\">Jobfrage: Wie kann ich meine Wirkung verbessern?<\/span><\/a><div class=\"rpwwt-post-excerpt\">Bei Team-Meetings und Pr\u00e4sentationen habe ich oft das Gef\u00fchl, dass sich andere viel besser pr\u00e4sentieren als ich. Was kann ich tun, um selbstbewusster r\u00fcberzukommen?<span class=\"rpwwt-post-excerpt-more\"><\/span><\/div><\/li>\r\n\t\t<li><a href=\"https:\/\/kienecker-coaching.de\/wordpress\/jobfrage-wie-komme-ich-als-frau-in-fuehrung\/\"><img width=\"75\" height=\"75\" src=\"https:\/\/kienecker-coaching.de\/wordpress\/wp-content\/uploads\/2016\/08\/Fotolia_15486542_XS_copyright-150x150.jpg\" class=\"attachment-75x75 size-75x75 wp-post-image\" alt=\"\" decoding=\"async\" loading=\"lazy\" \/><span class=\"rpwwt-post-title\">Jobfrage: Wie komme ich als Frau in F\u00fchrung?<\/span><\/a><div class=\"rpwwt-post-excerpt\">Ich arbeite bei einem mittelst\u00e4ndischen\u00a0Unternehmen und m\u00f6chte\u00a0mehr Verantwortung \u00fcbernehmen.\u00a0Aber wenn es darum geht,\u00a0die Abteilungsleitung zu besetzen,\u00a0werden externe Manager angeworben. Wie kann\u00a0ich meine Gesch\u00e4ftsf\u00fchrung \u00fcberzeugen,\u00a0Frauen aus dem Unternehmen\u00a0zu f\u00f6rdern?<span class=\"rpwwt-post-excerpt-more\"><\/span><\/div><\/li>\r\n\t\t<li><a href=\"https:\/\/kienecker-coaching.de\/wordpress\/wie-mache-ich-mich-selbstaendig\/\"><img width=\"75\" height=\"75\" src=\"https:\/\/kienecker-coaching.de\/wordpress\/wp-content\/uploads\/2016\/08\/Fotolia_36135405_XS-150x150.jpg\" class=\"attachment-75x75 size-75x75 wp-post-image\" alt=\"\" decoding=\"async\" loading=\"lazy\" \/><span class=\"rpwwt-post-title\">Jobfrage: Wie mache ich mich selbst\u00e4ndig?<\/span><\/a><div class=\"rpwwt-post-excerpt\">Ich w\u00e4re gern meine eigene Chefin, habe aber keine Ahnung, was man f\u00fcr eine\u00a0Gr\u00fcndung\u00a0braucht\u00a0und was ich dabei\u00a0beachten muss.<span class=\"rpwwt-post-excerpt-more\"><\/span><\/div><\/li>\r\n\t\t<li><a href=\"https:\/\/kienecker-coaching.de\/wordpress\/jobfrage-des-monats\/\"><img width=\"75\" height=\"75\" src=\"https:\/\/kienecker-coaching.de\/wordpress\/wp-content\/uploads\/2016\/06\/marketing1-150x150.jpg\" class=\"attachment-75x75 size-75x75 wp-post-image\" alt=\"\" decoding=\"async\" loading=\"lazy\" \/><span class=\"rpwwt-post-title\">Jobfrage: Wie funktioniert Marketing?<\/span><\/a><div class=\"rpwwt-post-excerpt\">Ich habe eine gute Gesch\u00e4ftsidee und denke dar\u00fcber nach, mich damit selbstst\u00e4ndig zu machen. Aber wie kann ich Kunden gewinnen und worauf muss ich achten?<span class=\"rpwwt-post-excerpt-more\"><\/span><\/div><\/li>\r\n\t\t<li><a href=\"https:\/\/kienecker-coaching.de\/wordpress\/lorem-ipsum-2\/\"><img width=\"75\" height=\"75\" src=\"https:\/\/kienecker-coaching.de\/wordpress\/wp-content\/uploads\/2016\/06\/Fotolia_71273373_XS-150x150.jpg\" class=\"attachment-75x75 size-75x75 wp-post-image\" alt=\"\" decoding=\"async\" loading=\"lazy\" \/><span class=\"rpwwt-post-title\">Jobfrage: Was bringen Pers\u00f6nlichkeit-Profile?<\/span><\/a><div class=\"rpwwt-post-excerpt\">Eine meiner Kolleginnen hat im Rahmen eines F\u00fchrungskr\u00e4ftetrainings einen Pers\u00f6nlichkeitstest gemacht. Sie sagt, sie habe davon sehr profitiert,\u00a0 weil sie nun besser versteht, wie sie tickt und ihre St\u00e4rken besser einsetzen kann. K\u00f6nnen Sie mir sagen, welche Tests es gibt und welche wirklich sinnvoll sind?\u00a0<span class=\"rpwwt-post-excerpt-more\"><\/span><\/div><\/li>\r\n\t<\/ul>\r\n<\/div><!-- .rpwwt-widget -->\r\n<\/div><\/div><\/div><\/div>","protected":false},"excerpt":{"rendered":"<p>\u00dcber Uns Das Arbeitsleben ist st\u00e4ndigen Ver\u00e4nderungen unterworfen. Mal suchen wir sie uns selbst, mal brechen sie \u00fcber uns herein. Viele Anforderungen, denen wir uns stellen wollen oder m\u00fcssen, lassen sich mit den eigenen bew\u00e4hrten Strategien angehen. Doch es gibt immer wieder Themen, bei denen wir selbst nicht weiter kommen, weil unsere gewohnten Muster nicht [&hellip;]<\/p>\n","protected":false},"author":1,"featured_media":0,"parent":0,"menu_order":1,"comment_status":"closed","ping_status":"closed","template":"","meta":[],"_links":{"self":[{"href":"https:\/\/kienecker-coaching.de\/wordpress\/wp-json\/wp\/v2\/pages\/12"}],"collection":[{"href":"https:\/\/kienecker-coaching.de\/wordpress\/wp-json\/wp\/v2\/pages"}],"about":[{"href":"https:\/\/kienecker-coaching.de\/wordpress\/wp-json\/wp\/v2\/types\/page"}],"author":[{"embeddable":true,"href":"https:\/\/kienecker-coaching.de\/wordpress\/wp-json\/wp\/v2\/users\/1"}],"replies":[{"embeddable":true,"href":"https:\/\/kienecker-coaching.de\/wordpress\/wp-json\/wp\/v2\/comments?post=12"}],"version-history":[{"count":19,"href":"https:\/\/kienecker-coaching.de\/wordpress\/wp-json\/wp\/v2\/pages\/12\/revisions"}],"predecessor-version":[{"id":788,"href":"https:\/\/kienecker-coaching.de\/wordpress\/wp-json\/wp\/v2\/pages\/12\/revisions\/788"}],"wp:attachment":[{"href":"https:\/\/kienecker-coaching.de\/wordpress\/wp-json\/wp\/v2\/media?parent=12"}],"curies":[{"name":"wp","href":"https:\/\/api.w.org\/{rel}","templated":true}]}}